{"id":19118,"date":"2022-08-19T07:58:43","date_gmt":"2022-08-19T05:58:43","guid":{"rendered":"https:\/\/hardcorefitnessbootcamp.com\/bitburg-de\/?page_id=19118"},"modified":"2022-09-20T21:19:04","modified_gmt":"2022-09-20T19:19:04","slug":"fitness-klassen-bitburg","status":"publish","type":"page","link":"https:\/\/hardcorefitnessbootcamp.com\/bitburg-de\/fitness-klassen-bitburg\/","title":{"rendered":"Unsere Klassen"},"content":{"rendered":"\t\t<div data-elementor-type=\"wp-page\" data-elementor-id=\"19118\" class=\"elementor elementor-19118\" data-elementor-post-type=\"page\">\n\t\t\t\t\t\t<section class=\"elementor-section elementor-top-section elementor-element elementor-element-5ea505cb elementor-section-boxed elementor-section-height-default elementor-section-height-default\" data-id=\"5ea505cb\" data-element_type=\"section\" data-e-type=\"section\">\n\t\t\t\t\t\t<div class=\"elementor-container elementor-column-gap-default\">\n\t\t\t\t\t<div class=\"elementor-column elementor-col-100 elementor-top-column elementor-element elementor-element-5e3870fa\" data-id=\"5e3870fa\" data-element_type=\"column\" data-e-type=\"column\">\n\t\t\t<div class=\"elementor-widget-wrap elementor-element-populated\">\n\t\t\t\t\t\t<div class=\"elementor-element elementor-element-1f36a8eb elementor-widget elementor-widget-heading\" data-id=\"1f36a8eb\" data-element_type=\"widget\" data-e-type=\"widget\" data-widget_type=\"heading.default\">\n\t\t\t\t<div class=\"elementor-widget-container\">\n\t\t\t\t\t<h3 class=\"elementor-heading-title elementor-size-default\">Push Your Limits<\/h3>\t\t\t\t<\/div>\n\t\t\t\t<\/div>\n\t\t\t\t<div class=\"elementor-element elementor-element-71a2ef3c elementor-widget elementor-widget-heading\" data-id=\"71a2ef3c\" data-element_type=\"widget\" data-e-type=\"widget\" data-widget_type=\"heading.default\">\n\t\t\t\t<div class=\"elementor-widget-container\">\n\t\t\t\t\t<h1 class=\"elementor-heading-title elementor-size-default\">unsere Klassen<\/h1>\t\t\t\t<\/div>\n\t\t\t\t<\/div>\n\t\t\t\t\t<\/div>\n\t\t<\/div>\n\t\t\t\t\t<\/div>\n\t\t<\/section>\n\t\t\t\t<section class=\"elementor-section elementor-top-section elementor-element elementor-element-8d4a149 elementor-section-boxed elementor-section-height-default elementor-section-height-default\" data-id=\"8d4a149\" data-element_type=\"section\" data-e-type=\"section\" data-settings=\"{&quot;background_background&quot;:&quot;classic&quot;}\">\n\t\t\t\t\t\t<div class=\"elementor-container elementor-column-gap-default\">\n\t\t\t\t\t<div class=\"elementor-column elementor-col-100 elementor-top-column elementor-element elementor-element-1ced3c4a\" data-id=\"1ced3c4a\" data-element_type=\"column\" data-e-type=\"column\">\n\t\t\t<div class=\"elementor-widget-wrap elementor-element-populated\">\n\t\t\t\t\t\t<div class=\"elementor-element elementor-element-2655a65e elementor-widget elementor-widget-heading\" data-id=\"2655a65e\" data-element_type=\"widget\" data-e-type=\"widget\" data-widget_type=\"heading.default\">\n\t\t\t\t<div class=\"elementor-widget-container\">\n\t\t\t\t\t<h1 class=\"elementor-heading-title elementor-size-default\">entdecke eine neue Leidenschaft bei Hardcore Fitness<\/h1>\t\t\t\t<\/div>\n\t\t\t\t<\/div>\n\t\t\t\t<div class=\"elementor-element elementor-element-fa730d5 elementor-widget-divider--view-line elementor-widget elementor-widget-divider\" data-id=\"fa730d5\" data-element_type=\"widget\" data-e-type=\"widget\" data-widget_type=\"divider.default\">\n\t\t\t\t<div class=\"elementor-widget-container\">\n\t\t\t\t\t\t\t<div class=\"elementor-divider\">\n\t\t\t<span class=\"elementor-divider-separator\">\n\t\t\t\t\t\t<\/span>\n\t\t<\/div>\n\t\t\t\t\t\t<\/div>\n\t\t\t\t<\/div>\n\t\t\t\t\t<\/div>\n\t\t<\/div>\n\t\t\t\t\t<\/div>\n\t\t<\/section>\n\t\t\t\t<section class=\"elementor-section elementor-top-section elementor-element elementor-element-195a7448 elementor-section-boxed elementor-section-height-default elementor-section-height-default\" data-id=\"195a7448\" data-element_type=\"section\" data-e-type=\"section\" data-settings=\"{&quot;background_background&quot;:&quot;classic&quot;}\">\n\t\t\t\t\t\t<div class=\"elementor-container elementor-column-gap-default\">\n\t\t\t\t\t<div class=\"elementor-column elementor-col-33 elementor-top-column elementor-element elementor-element-1115914c\" data-id=\"1115914c\" data-element_type=\"column\" data-e-type=\"column\">\n\t\t\t<div class=\"elementor-widget-wrap elementor-element-populated\">\n\t\t\t\t\t\t<div class=\"elementor-element elementor-element-67cf0ddd elementor-view-default elementor-position-block-start elementor-mobile-position-block-start elementor-widget elementor-widget-icon-box\" data-id=\"67cf0ddd\" data-element_type=\"widget\" data-e-type=\"widget\" data-widget_type=\"icon-box.default\">\n\t\t\t\t<div class=\"elementor-widget-container\">\n\t\t\t\t\t\t\t<div class=\"elementor-icon-box-wrapper\">\n\n\t\t\t\t\t\t<div class=\"elementor-icon-box-icon\">\n\t\t\t\t<span  class=\"elementor-icon\">\n\t\t\t\t\t\t\t\t<\/span>\n\t\t\t<\/div>\n\t\t\t\n\t\t\t\t\t\t<div class=\"elementor-icon-box-content\">\n\n\t\t\t\t\t\t\t\t\t<h3 class=\"elementor-icon-box-title\">\n\t\t\t\t\t\t<span  >\n\t\t\t\t\t\t\tboot camp\t\t\t\t\t\t<\/span>\n\t\t\t\t\t<\/h3>\n\t\t\t\t\n\t\t\t\t\t\t\t\t\t<p class=\"elementor-icon-box-description\">\n\t\t\t\t\t\tmit dem alles begann\t\t\t\t\t<\/p>\n\t\t\t\t\n\t\t\t<\/div>\n\t\t\t\n\t\t<\/div>\n\t\t\t\t\t\t<\/div>\n\t\t\t\t<\/div>\n\t\t\t\t<div class=\"elementor-element elementor-element-d15554b elementor-widget elementor-widget-spacer\" data-id=\"d15554b\" data-element_type=\"widget\" data-e-type=\"widget\" data-widget_type=\"spacer.default\">\n\t\t\t\t<div class=\"elementor-widget-container\">\n\t\t\t\t\t\t\t<div class=\"elementor-spacer\">\n\t\t\t<div class=\"elementor-spacer-inner\"><\/div>\n\t\t<\/div>\n\t\t\t\t\t\t<\/div>\n\t\t\t\t<\/div>\n\t\t\t\t<div class=\"elementor-element elementor-element-21362525 elementor-align-center elementor-widget elementor-widget-button\" data-id=\"21362525\" data-element_type=\"widget\" data-e-type=\"widget\" data-widget_type=\"button.default\">\n\t\t\t\t<div class=\"elementor-widget-container\">\n\t\t\t\t\t\t\t\t\t<div class=\"elementor-button-wrapper\">\n\t\t\t\t\t<a class=\"elementor-button elementor-button-link elementor-size-xs\" href=\"https:\/\/hardcorefitnessbootcamp.com\/bitburg-de\/boot-camp-bitburg\/\">\n\t\t\t\t\t\t<span class=\"elementor-button-content-wrapper\">\n\t\t\t\t\t\t\t\t\t<span class=\"elementor-button-text\">zum Boot Camp<\/span>\n\t\t\t\t\t<\/span>\n\t\t\t\t\t<\/a>\n\t\t\t\t<\/div>\n\t\t\t\t\t\t\t\t<\/div>\n\t\t\t\t<\/div>\n\t\t\t\t\t<\/div>\n\t\t<\/div>\n\t\t\t\t<div class=\"elementor-column elementor-col-33 elementor-top-column elementor-element elementor-element-100b6b66\" data-id=\"100b6b66\" data-element_type=\"column\" data-e-type=\"column\">\n\t\t\t<div class=\"elementor-widget-wrap elementor-element-populated\">\n\t\t\t\t\t\t<div class=\"elementor-element elementor-element-52fd4875 elementor-view-default elementor-position-block-start elementor-mobile-position-block-start elementor-widget elementor-widget-icon-box\" data-id=\"52fd4875\" data-element_type=\"widget\" data-e-type=\"widget\" data-widget_type=\"icon-box.default\">\n\t\t\t\t<div class=\"elementor-widget-container\">\n\t\t\t\t\t\t\t<div class=\"elementor-icon-box-wrapper\">\n\n\t\t\t\t\t\t<div class=\"elementor-icon-box-icon\">\n\t\t\t\t<span  class=\"elementor-icon\">\n\t\t\t\t\t\t\t\t<\/span>\n\t\t\t<\/div>\n\t\t\t\n\t\t\t\t\t\t<div class=\"elementor-icon-box-content\">\n\n\t\t\t\t\t\t\t\t\t<h3 class=\"elementor-icon-box-title\">\n\t\t\t\t\t\t<span  >\n\t\t\t\t\t\t\tfight camp\t\t\t\t\t\t<\/span>\n\t\t\t\t\t<\/h3>\n\t\t\t\t\n\t\t\t\t\t\t\t\t\t<p class=\"elementor-icon-box-description\">\n\t\t\t\t\t\tSteigere die Intensit\u00e4t\t\t\t\t\t<\/p>\n\t\t\t\t\n\t\t\t<\/div>\n\t\t\t\n\t\t<\/div>\n\t\t\t\t\t\t<\/div>\n\t\t\t\t<\/div>\n\t\t\t\t<div class=\"elementor-element elementor-element-3fbab1e8 elementor-widget elementor-widget-spacer\" data-id=\"3fbab1e8\" data-element_type=\"widget\" data-e-type=\"widget\" data-widget_type=\"spacer.default\">\n\t\t\t\t<div class=\"elementor-widget-container\">\n\t\t\t\t\t\t\t<div class=\"elementor-spacer\">\n\t\t\t<div class=\"elementor-spacer-inner\"><\/div>\n\t\t<\/div>\n\t\t\t\t\t\t<\/div>\n\t\t\t\t<\/div>\n\t\t\t\t<div class=\"elementor-element elementor-element-2b232815 elementor-align-center elementor-widget elementor-widget-button\" data-id=\"2b232815\" data-element_type=\"widget\" data-e-type=\"widget\" data-widget_type=\"button.default\">\n\t\t\t\t<div class=\"elementor-widget-container\">\n\t\t\t\t\t\t\t\t\t<div class=\"elementor-button-wrapper\">\n\t\t\t\t\t<a class=\"elementor-button elementor-button-link elementor-size-xs\" href=\"https:\/\/hardcorefitnessbootcamp.com\/bitburg-de\/fight-camp-bitburg\/\">\n\t\t\t\t\t\t<span class=\"elementor-button-content-wrapper\">\n\t\t\t\t\t\t\t\t\t<span class=\"elementor-button-text\">zum Fight Camp<\/span>\n\t\t\t\t\t<\/span>\n\t\t\t\t\t<\/a>\n\t\t\t\t<\/div>\n\t\t\t\t\t\t\t\t<\/div>\n\t\t\t\t<\/div>\n\t\t\t\t\t<\/div>\n\t\t<\/div>\n\t\t\t\t<div class=\"elementor-column elementor-col-33 elementor-top-column elementor-element elementor-element-c5324f3\" data-id=\"c5324f3\" data-element_type=\"column\" data-e-type=\"column\">\n\t\t\t<div class=\"elementor-widget-wrap elementor-element-populated\">\n\t\t\t\t\t\t<div class=\"elementor-element elementor-element-769e3d19 elementor-view-default elementor-position-block-start elementor-mobile-position-block-start elementor-widget elementor-widget-icon-box\" data-id=\"769e3d19\" data-element_type=\"widget\" data-e-type=\"widget\" data-widget_type=\"icon-box.default\">\n\t\t\t\t<div class=\"elementor-widget-container\">\n\t\t\t\t\t\t\t<div class=\"elementor-icon-box-wrapper\">\n\n\t\t\t\t\t\t<div class=\"elementor-icon-box-icon\">\n\t\t\t\t<span  class=\"elementor-icon\">\n\t\t\t\t\t\t\t\t<\/span>\n\t\t\t<\/div>\n\t\t\t\n\t\t\t\t\t\t<div class=\"elementor-icon-box-content\">\n\n\t\t\t\t\t\t\t\t\t<h3 class=\"elementor-icon-box-title\">\n\t\t\t\t\t\t<span  >\n\t\t\t\t\t\t\tbooty camp\t\t\t\t\t\t<\/span>\n\t\t\t\t\t<\/h3>\n\t\t\t\t\n\t\t\t\t\t\t\t\t\t<p class=\"elementor-icon-box-description\">\n\t\t\t\t\t\tBringe deine Ges\u00e4\u00dfmuskeln und Beine mit unseren intensiven, auf den Unterk\u00f6rper fokussierten Workouts in Form\t\t\t\t\t<\/p>\n\t\t\t\t\n\t\t\t<\/div>\n\t\t\t\n\t\t<\/div>\n\t\t\t\t\t\t<\/div>\n\t\t\t\t<\/div>\n\t\t\t\t<div class=\"elementor-element elementor-element-51c640ac elementor-widget elementor-widget-spacer\" data-id=\"51c640ac\" data-element_type=\"widget\" data-e-type=\"widget\" data-widget_type=\"spacer.default\">\n\t\t\t\t<div class=\"elementor-widget-container\">\n\t\t\t\t\t\t\t<div class=\"elementor-spacer\">\n\t\t\t<div class=\"elementor-spacer-inner\"><\/div>\n\t\t<\/div>\n\t\t\t\t\t\t<\/div>\n\t\t\t\t<\/div>\n\t\t\t\t<div class=\"elementor-element elementor-element-4f58fd24 elementor-align-center elementor-widget elementor-widget-button\" data-id=\"4f58fd24\" data-element_type=\"widget\" data-e-type=\"widget\" data-widget_type=\"button.default\">\n\t\t\t\t<div class=\"elementor-widget-container\">\n\t\t\t\t\t\t\t\t\t<div class=\"elementor-button-wrapper\">\n\t\t\t\t\t<a class=\"elementor-button elementor-button-link elementor-size-xs\" href=\"https:\/\/hardcorefitnessbootcamp.com\/hcf-booty-camp\/\">\n\t\t\t\t\t\t<span class=\"elementor-button-content-wrapper\">\n\t\t\t\t\t\t\t\t\t<span class=\"elementor-button-text\">zum Booty Camp<\/span>\n\t\t\t\t\t<\/span>\n\t\t\t\t\t<\/a>\n\t\t\t\t<\/div>\n\t\t\t\t\t\t\t\t<\/div>\n\t\t\t\t<\/div>\n\t\t\t\t<div class=\"elementor-element elementor-element-4361791d elementor-widget elementor-widget-spacer\" data-id=\"4361791d\" data-element_type=\"widget\" data-e-type=\"widget\" data-widget_type=\"spacer.default\">\n\t\t\t\t<div class=\"elementor-widget-container\">\n\t\t\t\t\t\t\t<div class=\"elementor-spacer\">\n\t\t\t<div class=\"elementor-spacer-inner\"><\/div>\n\t\t<\/div>\n\t\t\t\t\t\t<\/div>\n\t\t\t\t<\/div>\n\t\t\t\t\t<\/div>\n\t\t<\/div>\n\t\t\t\t\t<\/div>\n\t\t<\/section>\n\t\t\t\t<section class=\"elementor-section elementor-top-section elementor-element elementor-element-4efda72e elementor-section-boxed elementor-section-height-default elementor-section-height-default\" data-id=\"4efda72e\" data-element_type=\"section\" data-e-type=\"section\">\n\t\t\t\t\t\t<div class=\"elementor-container elementor-column-gap-default\">\n\t\t\t\t\t<div class=\"elementor-column elementor-col-100 elementor-top-column elementor-element elementor-element-9146e0c\" data-id=\"9146e0c\" data-element_type=\"column\" data-e-type=\"column\">\n\t\t\t<div class=\"elementor-widget-wrap elementor-element-populated\">\n\t\t\t\t\t\t<div class=\"elementor-element elementor-element-5e35f391 elementor-widget elementor-widget-heading\" data-id=\"5e35f391\" data-element_type=\"widget\" data-e-type=\"widget\" data-settings=\"{&quot;motion_fx_motion_fx_scrolling&quot;:&quot;yes&quot;,&quot;motion_fx_translateY_effect&quot;:&quot;yes&quot;,&quot;motion_fx_translateY_speed&quot;:{&quot;unit&quot;:&quot;px&quot;,&quot;size&quot;:&quot;0.5&quot;,&quot;sizes&quot;:[]},&quot;motion_fx_translateY_affectedRange&quot;:{&quot;unit&quot;:&quot;%&quot;,&quot;size&quot;:&quot;&quot;,&quot;sizes&quot;:{&quot;start&quot;:&quot;0&quot;,&quot;end&quot;:&quot;50&quot;}},&quot;motion_fx_translateY_direction&quot;:&quot;negative&quot;,&quot;motion_fx_devices&quot;:[&quot;desktop&quot;,&quot;tablet&quot;,&quot;mobile&quot;]}\" data-widget_type=\"heading.default\">\n\t\t\t\t<div class=\"elementor-widget-container\">\n\t\t\t\t\t<h4 class=\"elementor-heading-title elementor-size-default\">Befreie deinen K\u00f6rper<\/h4>\t\t\t\t<\/div>\n\t\t\t\t<\/div>\n\t\t\t\t<div class=\"elementor-element elementor-element-4ea34f70 elementor-widget elementor-widget-heading\" data-id=\"4ea34f70\" data-element_type=\"widget\" data-e-type=\"widget\" data-settings=\"{&quot;motion_fx_motion_fx_scrolling&quot;:&quot;yes&quot;,&quot;motion_fx_opacity_effect&quot;:&quot;yes&quot;,&quot;motion_fx_opacity_range&quot;:{&quot;unit&quot;:&quot;%&quot;,&quot;size&quot;:&quot;&quot;,&quot;sizes&quot;:{&quot;start&quot;:&quot;0&quot;,&quot;end&quot;:&quot;50&quot;}},&quot;motion_fx_opacity_direction&quot;:&quot;out-in&quot;,&quot;motion_fx_opacity_level&quot;:{&quot;unit&quot;:&quot;px&quot;,&quot;size&quot;:10,&quot;sizes&quot;:[]},&quot;motion_fx_devices&quot;:[&quot;desktop&quot;,&quot;tablet&quot;,&quot;mobile&quot;]}\" data-widget_type=\"heading.default\">\n\t\t\t\t<div class=\"elementor-widget-container\">\n\t\t\t\t\t<h2 class=\"elementor-heading-title elementor-size-default\">und werde physisch stark<\/h2>\t\t\t\t<\/div>\n\t\t\t\t<\/div>\n\t\t\t\t<div class=\"elementor-element elementor-element-5c0924f4 elementor-widget elementor-widget-spacer\" data-id=\"5c0924f4\" data-element_type=\"widget\" data-e-type=\"widget\" data-widget_type=\"spacer.default\">\n\t\t\t\t<div class=\"elementor-widget-container\">\n\t\t\t\t\t\t\t<div class=\"elementor-spacer\">\n\t\t\t<div class=\"elementor-spacer-inner\"><\/div>\n\t\t<\/div>\n\t\t\t\t\t\t<\/div>\n\t\t\t\t<\/div>\n\t\t\t\t<div class=\"elementor-element elementor-element-2aab7f6a elementor-widget elementor-widget-text-editor\" data-id=\"2aab7f6a\" data-element_type=\"widget\" data-e-type=\"widget\" data-widget_type=\"text-editor.default\">\n\t\t\t\t<div class=\"elementor-widget-container\">\n\t\t\t\t\t\t\t\t\t<p>Bist du bereit, deine Fitness auf die Spitze zu treiben? Sieh dir die besten Gruppentrainingskurse in deiner N\u00e4he an! Gruppenkurse in den Fitnessstudios von Hardcore Fitness fordern dich heraus, deine Grenzen zu \u00fcberschreiten, zu schwitzen und zu arbeiten. Hart arbeiten. Lerne die richtige Form und Technik und trainiere deine Muskeln und deinen Geist, um Kraft zu tanken, die Verantwortung zu \u00fcbernehmen und durchzuhalten.<\/p><p>W\u00e4hle aus drei Kursen, um Muskeln zu st\u00e4rken und zu straffen, deine Herzfrequenz zu erh\u00f6hen, Kalorien zu verbrennen und deinen K\u00f6rper zu konditionieren. Boot Camp bietet Workouts im HIIT-Stil, die Krafttraining, intensives Cardio-, Konditions- und Core-Training kombinieren.<\/p><p>Willst du es noch eine Stufe h\u00f6her bringen? Steige ein und probiere das Fight Camp f\u00fcr ein Intervalltraining aus, das Schlagen, Treten, \u00dcbungen mit schweren Taschen, Airbike-Runden und Seilschl\u00e4ge umfasst. Wir garantieren \u2013 du wirst dich nicht langweilen!<\/p><p>Wir sind noch nicht fertig! Booty Camp bietet Glute-fokussierte, kalorienverbrennende und hochintensive Zirkel, die straffen und formen. Du wirst hart trainieren, schwitzen und brennen \u2013 aber gib nicht auf! Unsere professionellen Trainer f\u00fchren, motivieren und halten dich auf dem Weg zu den gew\u00fcnschten Ergebnissen.<\/p><p>Tauche ein in das neue Fitness-Zeitalter! Unsere preisgekr\u00f6nten Gruppentrainingsklassen sind so viel mehr als nur Workouts. Sie sind ein Fitnesserlebnis, das die Mitglieder dazu bringt, stark, kraftvoll und fit zu sein. Bist du das?<\/p>\t\t\t\t\t\t\t\t<\/div>\n\t\t\t\t<\/div>\n\t\t\t\t\t<\/div>\n\t\t<\/div>\n\t\t\t\t\t<\/div>\n\t\t<\/section>\n\t\t\t\t<\/div>\n\t\t","protected":false},"excerpt":{"rendered":"<p>Push Your Limits unsere Klassen entdecke eine neue Leidenschaft bei Hardcore Fitness boot camp mit dem alles begann zum Boot Camp fight camp Steigere die Intensit\u00e4t zum Fight Camp booty camp Bringe deine Ges\u00e4\u00dfmuskeln und Beine mit unseren intensiven, auf den Unterk\u00f6rper fokussierten Workouts in Form zum Booty Camp Befreie deinen K\u00f6rper und werde physisch [&hellip;]<\/p>\n","protected":false},"author":70,"featured_media":0,"parent":0,"menu_order":0,"comment_status":"closed","ping_status":"closed","template":"","meta":{"_acf_changed":false,"footnotes":""},"class_list":["post-19118","page","type-page","status-publish","hentry"],"acf":[],"yoast_head":"<!-- This site is optimized with the Yoast SEO plugin v25.6 - https:\/\/yoast.com\/wordpress\/plugins\/seo\/ -->\n<title>Unsere Klassen - Hardcore Fitness Bitburg<\/title>\n<meta name=\"robots\" content=\"index, follow, max-snippet:-1, max-image-preview:large, max-video-preview:-1\" \/>\n<link rel=\"canonical\" href=\"https:\/\/hardcorefitnessbootcamp.com\/hcf-our-classes\/\" \/>\n<meta property=\"og:locale\" content=\"de_DE\" \/>\n<meta property=\"og:type\" content=\"article\" \/>\n<meta property=\"og:title\" content=\"Unsere Klassen - Hardcore Fitness Bitburg\" \/>\n<meta property=\"og:description\" content=\"Push Your Limits unsere Klassen entdecke eine neue Leidenschaft bei Hardcore Fitness boot camp mit dem alles begann zum Boot Camp fight camp Steigere die Intensit\u00e4t zum Fight Camp booty camp Bringe deine Ges\u00e4\u00dfmuskeln und Beine mit unseren intensiven, auf den Unterk\u00f6rper fokussierten Workouts in Form zum Booty Camp Befreie deinen K\u00f6rper und werde physisch [&hellip;]\" \/>\n<meta property=\"og:url\" content=\"https:\/\/hardcorefitnessbootcamp.com\/hcf-our-classes\/\" \/>\n<meta property=\"og:site_name\" content=\"Hardcore Fitness Bitburg\" \/>\n<meta property=\"article:publisher\" content=\"https:\/\/www.facebook.com\/hardcorefitnessbitburg\" \/>\n<meta property=\"article:modified_time\" content=\"2022-09-20T19:19:04+00:00\" \/>\n<meta name=\"twitter:card\" content=\"summary_large_image\" \/>\n<meta name=\"twitter:label1\" content=\"Gesch\u00e4tzte Lesezeit\" \/>\n\t<meta name=\"twitter:data1\" content=\"2\u00a0Minuten\" \/>\n<script type=\"application\/ld+json\" class=\"yoast-schema-graph\">{\"@context\":\"https:\/\/schema.org\",\"@graph\":[{\"@type\":\"WebPage\",\"@id\":\"https:\/\/hardcorefitnessbootcamp.com\/bitburg-de\/fitness-klassen-bitburg\/\",\"url\":\"https:\/\/hardcorefitnessbootcamp.com\/hcf-our-classes\/\",\"name\":\"Unsere Klassen - Hardcore Fitness Bitburg\",\"isPartOf\":{\"@id\":\"https:\/\/hardcorefitnessbootcamp.com\/bitburg-de\/#website\"},\"datePublished\":\"2022-08-19T05:58:43+00:00\",\"dateModified\":\"2022-09-20T19:19:04+00:00\",\"breadcrumb\":{\"@id\":\"https:\/\/hardcorefitnessbootcamp.com\/hcf-our-classes\/#breadcrumb\"},\"inLanguage\":\"de\",\"potentialAction\":[{\"@type\":\"ReadAction\",\"target\":[\"https:\/\/hardcorefitnessbootcamp.com\/hcf-our-classes\/\"]}]},{\"@type\":\"BreadcrumbList\",\"@id\":\"https:\/\/hardcorefitnessbootcamp.com\/hcf-our-classes\/#breadcrumb\",\"itemListElement\":[{\"@type\":\"ListItem\",\"position\":1,\"name\":\"Home\",\"item\":\"https:\/\/hardcorefitnessbootcamp.com\/bitburg-de\/\"},{\"@type\":\"ListItem\",\"position\":2,\"name\":\"Unsere Klassen\"}]},{\"@type\":\"WebSite\",\"@id\":\"https:\/\/hardcorefitnessbootcamp.com\/bitburg-de\/#website\",\"url\":\"https:\/\/hardcorefitnessbootcamp.com\/bitburg-de\/\",\"name\":\"Hardcore Fitness Bitburg\",\"description\":\"Dein Personal Training in Bitburg\",\"publisher\":{\"@id\":\"https:\/\/hardcorefitnessbootcamp.com\/bitburg-de\/#organization\"},\"potentialAction\":[{\"@type\":\"SearchAction\",\"target\":{\"@type\":\"EntryPoint\",\"urlTemplate\":\"https:\/\/hardcorefitnessbootcamp.com\/bitburg-de\/?s={search_term_string}\"},\"query-input\":{\"@type\":\"PropertyValueSpecification\",\"valueRequired\":true,\"valueName\":\"search_term_string\"}}],\"inLanguage\":\"de\"},{\"@type\":\"Organization\",\"@id\":\"https:\/\/hardcorefitnessbootcamp.com\/bitburg-de\/#organization\",\"name\":\"Hardcore Fitness Bitburg\",\"url\":\"https:\/\/hardcorefitnessbootcamp.com\/bitburg-de\/\",\"logo\":{\"@type\":\"ImageObject\",\"inLanguage\":\"de\",\"@id\":\"https:\/\/hardcorefitnessbootcamp.com\/bitburg-de\/#\/schema\/logo\/image\/\",\"url\":\"https:\/\/hardcorefitnessbootcamp.com\/bitburg-de\/wp-content\/uploads\/sites\/67\/2020\/11\/HCF-Logo-Red.jpeg\",\"contentUrl\":\"https:\/\/hardcorefitnessbootcamp.com\/bitburg-de\/wp-content\/uploads\/sites\/67\/2020\/11\/HCF-Logo-Red.jpeg\",\"width\":864,\"height\":535,\"caption\":\"Hardcore Fitness Bitburg\"},\"image\":{\"@id\":\"https:\/\/hardcorefitnessbootcamp.com\/bitburg-de\/#\/schema\/logo\/image\/\"},\"sameAs\":[\"https:\/\/www.facebook.com\/hardcorefitnessbitburg\",\"https:\/\/www.instagram.com\/hardcorefitnessbitburg\/\"]}]}<\/script>\n<!-- \/ Yoast SEO plugin. -->","yoast_head_json":{"title":"Unsere Klassen - Hardcore Fitness Bitburg","robots":{"index":"index","follow":"follow","max-snippet":"max-snippet:-1","max-image-preview":"max-image-preview:large","max-video-preview":"max-video-preview:-1"},"canonical":"https:\/\/hardcorefitnessbootcamp.com\/hcf-our-classes\/","og_locale":"de_DE","og_type":"article","og_title":"Unsere Klassen - Hardcore Fitness Bitburg","og_description":"Push Your Limits unsere Klassen entdecke eine neue Leidenschaft bei Hardcore Fitness boot camp mit dem alles begann zum Boot Camp fight camp Steigere die Intensit\u00e4t zum Fight Camp booty camp Bringe deine Ges\u00e4\u00dfmuskeln und Beine mit unseren intensiven, auf den Unterk\u00f6rper fokussierten Workouts in Form zum Booty Camp Befreie deinen K\u00f6rper und werde physisch [&hellip;]","og_url":"https:\/\/hardcorefitnessbootcamp.com\/hcf-our-classes\/","og_site_name":"Hardcore Fitness Bitburg","article_publisher":"https:\/\/www.facebook.com\/hardcorefitnessbitburg","article_modified_time":"2022-09-20T19:19:04+00:00","twitter_card":"summary_large_image","twitter_misc":{"Gesch\u00e4tzte Lesezeit":"2\u00a0Minuten"},"schema":{"@context":"https:\/\/schema.org","@graph":[{"@type":"WebPage","@id":"https:\/\/hardcorefitnessbootcamp.com\/bitburg-de\/fitness-klassen-bitburg\/","url":"https:\/\/hardcorefitnessbootcamp.com\/hcf-our-classes\/","name":"Unsere Klassen - Hardcore Fitness Bitburg","isPartOf":{"@id":"https:\/\/hardcorefitnessbootcamp.com\/bitburg-de\/#website"},"datePublished":"2022-08-19T05:58:43+00:00","dateModified":"2022-09-20T19:19:04+00:00","breadcrumb":{"@id":"https:\/\/hardcorefitnessbootcamp.com\/hcf-our-classes\/#breadcrumb"},"inLanguage":"de","potentialAction":[{"@type":"ReadAction","target":["https:\/\/hardcorefitnessbootcamp.com\/hcf-our-classes\/"]}]},{"@type":"BreadcrumbList","@id":"https:\/\/hardcorefitnessbootcamp.com\/hcf-our-classes\/#breadcrumb","itemListElement":[{"@type":"ListItem","position":1,"name":"Home","item":"https:\/\/hardcorefitnessbootcamp.com\/bitburg-de\/"},{"@type":"ListItem","position":2,"name":"Unsere Klassen"}]},{"@type":"WebSite","@id":"https:\/\/hardcorefitnessbootcamp.com\/bitburg-de\/#website","url":"https:\/\/hardcorefitnessbootcamp.com\/bitburg-de\/","name":"Hardcore Fitness Bitburg","description":"Dein Personal Training in Bitburg","publisher":{"@id":"https:\/\/hardcorefitnessbootcamp.com\/bitburg-de\/#organization"},"potentialAction":[{"@type":"SearchAction","target":{"@type":"EntryPoint","urlTemplate":"https:\/\/hardcorefitnessbootcamp.com\/bitburg-de\/?s={search_term_string}"},"query-input":{"@type":"PropertyValueSpecification","valueRequired":true,"valueName":"search_term_string"}}],"inLanguage":"de"},{"@type":"Organization","@id":"https:\/\/hardcorefitnessbootcamp.com\/bitburg-de\/#organization","name":"Hardcore Fitness Bitburg","url":"https:\/\/hardcorefitnessbootcamp.com\/bitburg-de\/","logo":{"@type":"ImageObject","inLanguage":"de","@id":"https:\/\/hardcorefitnessbootcamp.com\/bitburg-de\/#\/schema\/logo\/image\/","url":"https:\/\/hardcorefitnessbootcamp.com\/bitburg-de\/wp-content\/uploads\/sites\/67\/2020\/11\/HCF-Logo-Red.jpeg","contentUrl":"https:\/\/hardcorefitnessbootcamp.com\/bitburg-de\/wp-content\/uploads\/sites\/67\/2020\/11\/HCF-Logo-Red.jpeg","width":864,"height":535,"caption":"Hardcore Fitness Bitburg"},"image":{"@id":"https:\/\/hardcorefitnessbootcamp.com\/bitburg-de\/#\/schema\/logo\/image\/"},"sameAs":["https:\/\/www.facebook.com\/hardcorefitnessbitburg","https:\/\/www.instagram.com\/hardcorefitnessbitburg\/"]}]}},"_links":{"self":[{"href":"https:\/\/hardcorefitnessbootcamp.com\/bitburg-de\/wp-json\/wp\/v2\/pages\/19118"}],"collection":[{"href":"https:\/\/hardcorefitnessbootcamp.com\/bitburg-de\/wp-json\/wp\/v2\/pages"}],"about":[{"href":"https:\/\/hardcorefitnessbootcamp.com\/bitburg-de\/wp-json\/wp\/v2\/types\/page"}],"author":[{"embeddable":true,"href":"https:\/\/hardcorefitnessbootcamp.com\/bitburg-de\/wp-json\/wp\/v2\/users\/70"}],"replies":[{"embeddable":true,"href":"https:\/\/hardcorefitnessbootcamp.com\/bitburg-de\/wp-json\/wp\/v2\/comments?post=19118"}],"version-history":[{"count":28,"href":"https:\/\/hardcorefitnessbootcamp.com\/bitburg-de\/wp-json\/wp\/v2\/pages\/19118\/revisions"}],"predecessor-version":[{"id":19560,"href":"https:\/\/hardcorefitnessbootcamp.com\/bitburg-de\/wp-json\/wp\/v2\/pages\/19118\/revisions\/19560"}],"wp:attachment":[{"href":"https:\/\/hardcorefitnessbootcamp.com\/bitburg-de\/wp-json\/wp\/v2\/media?parent=19118"}],"curies":[{"name":"wp","href":"https:\/\/api.w.org\/{rel}","templated":true}]}}