{"id":19171,"date":"2022-08-19T18:18:49","date_gmt":"2022-08-19T16:18:49","guid":{"rendered":"https:\/\/hardcorefitnessbootcamp.com\/bitburg-de\/?page_id=19171"},"modified":"2023-02-21T15:01:50","modified_gmt":"2023-02-21T14:01:50","slug":"booty-camp-bitburg","status":"publish","type":"page","link":"https:\/\/hardcorefitnessbootcamp.com\/bitburg-de\/booty-camp-bitburg\/","title":{"rendered":"Booty Camp Bitburg"},"content":{"rendered":"\t\t<div data-elementor-type=\"wp-page\" data-elementor-id=\"19171\" class=\"elementor elementor-19171\" data-elementor-post-type=\"page\">\n\t\t\t\t\t\t<section class=\"elementor-section elementor-top-section elementor-element elementor-element-24e33737 elementor-section-boxed elementor-section-height-default elementor-section-height-default\" data-id=\"24e33737\" data-element_type=\"section\" data-e-type=\"section\">\n\t\t\t\t\t\t<div class=\"elementor-container elementor-column-gap-default\">\n\t\t\t\t\t<div class=\"elementor-column elementor-col-50 elementor-top-column elementor-element elementor-element-3afd2b24\" data-id=\"3afd2b24\" data-element_type=\"column\" data-e-type=\"column\">\n\t\t\t<div class=\"elementor-widget-wrap elementor-element-populated\">\n\t\t\t\t\t\t<div class=\"elementor-element elementor-element-144bfb2c elementor-headline--style-highlight elementor-widget elementor-widget-animated-headline\" data-id=\"144bfb2c\" data-element_type=\"widget\" data-e-type=\"widget\" data-settings=\"{&quot;marker&quot;:&quot;underline&quot;,&quot;highlighted_text&quot;:&quot;Boot:y Camp &lt;\\\/br&gt;&quot;,&quot;headline_style&quot;:&quot;highlight&quot;,&quot;loop&quot;:&quot;yes&quot;,&quot;highlight_animation_duration&quot;:1200,&quot;highlight_iteration_delay&quot;:8000}\" data-widget_type=\"animated-headline.default\">\n\t\t\t\t<div class=\"elementor-widget-container\">\n\t\t\t\t\t\t\t<h3 class=\"elementor-headline\">\n\t\t\t\t<span class=\"elementor-headline-dynamic-wrapper elementor-headline-text-wrapper\">\n\t\t\t\t\t<span class=\"elementor-headline-dynamic-text elementor-headline-text-active\">Boot:y Camp <\/br><\/span>\n\t\t\t\t<\/span>\n\t\t\t\t\t<span class=\"elementor-headline-plain-text elementor-headline-text-wrapper\"><\/br><\/br>konzentriert sich auf die Entwicklung des Unterk\u00f6rpers<\/span>\n\t\t\t\t\t<\/h3>\n\t\t\t\t\t\t<\/div>\n\t\t\t\t<\/div>\n\t\t\t\t<div class=\"elementor-element elementor-element-2195cee2 elementor-widget elementor-widget-text-editor\" data-id=\"2195cee2\" data-element_type=\"widget\" data-e-type=\"widget\" data-widget_type=\"text-editor.default\">\n\t\t\t\t<div class=\"elementor-widget-container\">\n\t\t\t\t\t\t\t\t\t<p>Mit speziell entwickelten Circle-\u00dcbungen f\u00fcr den Unterk\u00f6rper, die auf die Ges\u00e4\u00dfmuskeln und Beine abzielen, verbrennt und formt der intensive Kalorienverbrennungs- und Straffungskreislauf von Booty Camp deinen Hintern.<\/p>\t\t\t\t\t\t\t\t<\/div>\n\t\t\t\t<\/div>\n\t\t\t\t<div class=\"elementor-element elementor-element-3d123c01 elementor-widget elementor-widget-text-editor\" data-id=\"3d123c01\" data-element_type=\"widget\" data-e-type=\"widget\" data-widget_type=\"text-editor.default\">\n\t\t\t\t<div class=\"elementor-widget-container\">\n\t\t\t\t\t\t\t\t\t<p><span style=\"font-weight: 400;\">Auf hintere Muskulatur fokussierte Workouts von Nadia Nolan, der Top 10 der weltbesten Profi-Bikini-Wettk\u00e4mpferin und Mitbegr\u00fcnderin.<\/span><\/p>\t\t\t\t\t\t\t\t<\/div>\n\t\t\t\t<\/div>\n\t\t\t\t\t<\/div>\n\t\t<\/div>\n\t\t\t\t<div class=\"elementor-column elementor-col-50 elementor-top-column elementor-element elementor-element-2229c611\" data-id=\"2229c611\" data-element_type=\"column\" data-e-type=\"column\">\n\t\t\t<div class=\"elementor-widget-wrap elementor-element-populated\">\n\t\t\t\t\t\t<div class=\"elementor-element elementor-element-7717e1e9 elementor-widget elementor-widget-video\" data-id=\"7717e1e9\" data-element_type=\"widget\" data-e-type=\"widget\" data-settings=\"{&quot;youtube_url&quot;:&quot;https:\\\/\\\/youtu.be\\\/Wiq6Af2DjfI&quot;,&quot;start&quot;:4,&quot;end&quot;:15,&quot;autoplay&quot;:&quot;yes&quot;,&quot;play_on_mobile&quot;:&quot;yes&quot;,&quot;mute&quot;:&quot;yes&quot;,&quot;loop&quot;:&quot;yes&quot;,&quot;video_type&quot;:&quot;youtube&quot;}\" data-widget_type=\"video.default\">\n\t\t\t\t<div class=\"elementor-widget-container\">\n\t\t\t\t\t\t\t<div class=\"elementor-wrapper elementor-open-inline\">\n\t\t\t<div class=\"elementor-video\"><\/div>\t\t<\/div>\n\t\t\t\t\t\t<\/div>\n\t\t\t\t<\/div>\n\t\t\t\t\t<\/div>\n\t\t<\/div>\n\t\t\t\t\t<\/div>\n\t\t<\/section>\n\t\t\t\t<section class=\"elementor-section elementor-top-section elementor-element elementor-element-6dc02ba8 elementor-section-height-min-height elementor-section-boxed elementor-section-height-default elementor-section-items-middle\" data-id=\"6dc02ba8\" data-element_type=\"section\" data-e-type=\"section\" data-settings=\"{&quot;background_background&quot;:&quot;classic&quot;}\">\n\t\t\t\t\t\t<div class=\"elementor-container elementor-column-gap-default\">\n\t\t\t\t\t<div class=\"elementor-column elementor-col-33 elementor-top-column elementor-element elementor-element-7d9032e\" data-id=\"7d9032e\" data-element_type=\"column\" data-e-type=\"column\">\n\t\t\t<div class=\"elementor-widget-wrap elementor-element-populated\">\n\t\t\t\t\t\t<div class=\"elementor-element elementor-element-7ffae92 elementor-widget elementor-widget-spacer\" data-id=\"7ffae92\" data-element_type=\"widget\" data-e-type=\"widget\" data-widget_type=\"spacer.default\">\n\t\t\t\t<div class=\"elementor-widget-container\">\n\t\t\t\t\t\t\t<div class=\"elementor-spacer\">\n\t\t\t<div class=\"elementor-spacer-inner\"><\/div>\n\t\t<\/div>\n\t\t\t\t\t\t<\/div>\n\t\t\t\t<\/div>\n\t\t\t\t<div class=\"elementor-element elementor-element-654df435 elementor-widget elementor-widget-spacer\" data-id=\"654df435\" data-element_type=\"widget\" data-e-type=\"widget\" data-widget_type=\"spacer.default\">\n\t\t\t\t<div class=\"elementor-widget-container\">\n\t\t\t\t\t\t\t<div class=\"elementor-spacer\">\n\t\t\t<div class=\"elementor-spacer-inner\"><\/div>\n\t\t<\/div>\n\t\t\t\t\t\t<\/div>\n\t\t\t\t<\/div>\n\t\t\t\t\t<\/div>\n\t\t<\/div>\n\t\t\t\t<div class=\"elementor-column elementor-col-33 elementor-top-column elementor-element elementor-element-33f6470\" data-id=\"33f6470\" data-element_type=\"column\" data-e-type=\"column\">\n\t\t\t<div class=\"elementor-widget-wrap elementor-element-populated\">\n\t\t\t\t\t\t<section class=\"elementor-section elementor-inner-section elementor-element elementor-element-3222aaa0 elementor-section-boxed elementor-section-height-default elementor-section-height-default\" data-id=\"3222aaa0\" data-element_type=\"section\" data-e-type=\"section\" data-settings=\"{&quot;background_background&quot;:&quot;classic&quot;,&quot;sticky&quot;:&quot;bottom&quot;,&quot;sticky_offset&quot;:39,&quot;sticky_on&quot;:[&quot;desktop&quot;,&quot;tablet&quot;],&quot;sticky_effects_offset&quot;:0,&quot;sticky_anchor_link_offset&quot;:0}\">\n\t\t\t\t\t\t<div class=\"elementor-container elementor-column-gap-default\">\n\t\t\t\t\t<div class=\"elementor-column elementor-col-100 elementor-inner-column elementor-element elementor-element-1db59420\" data-id=\"1db59420\" data-element_type=\"column\" data-e-type=\"column\">\n\t\t\t<div class=\"elementor-widget-wrap elementor-element-populated\">\n\t\t\t\t\t\t<div class=\"elementor-element elementor-element-1440949e elementor-widget elementor-widget-image\" data-id=\"1440949e\" data-element_type=\"widget\" data-e-type=\"widget\" data-widget_type=\"image.default\">\n\t\t\t\t<div class=\"elementor-widget-container\">\n\t\t\t\t\t\t\t\t\t\t\t\t\t\t\t<img fetchpriority=\"high\" decoding=\"async\" width=\"338\" height=\"154\" src=\"https:\/\/hardcorefitnessbootcamp.com\/bitburg-de\/wp-content\/uploads\/sites\/67\/2022\/04\/Booty-camp.png\" class=\"attachment-large size-large wp-image-18383\" alt=\"\" srcset=\"https:\/\/hardcorefitnessbootcamp.com\/bitburg-de\/wp-content\/uploads\/sites\/67\/2022\/04\/Booty-camp.png 338w, https:\/\/hardcorefitnessbootcamp.com\/bitburg-de\/wp-content\/uploads\/sites\/67\/2022\/04\/Booty-camp-300x137.png 300w\" sizes=\"(max-width: 338px) 100vw, 338px\" \/>\t\t\t\t\t\t\t\t\t\t\t\t\t\t\t<\/div>\n\t\t\t\t<\/div>\n\t\t\t\t<div class=\"elementor-element elementor-element-27e55735 elementor-align-center elementor-widget elementor-widget-button\" data-id=\"27e55735\" data-element_type=\"widget\" data-e-type=\"widget\" data-widget_type=\"button.default\">\n\t\t\t\t<div class=\"elementor-widget-container\">\n\t\t\t\t\t\t\t\t\t<div class=\"elementor-button-wrapper\">\n\t\t\t\t\t<a class=\"elementor-button elementor-button-link elementor-size-sm elementor-animation-grow\" href=\"https:\/\/hardcorefitnessbootcamp.com\/find-a-gym-near-you\/\">\n\t\t\t\t\t\t<span class=\"elementor-button-content-wrapper\">\n\t\t\t\t\t\t<span class=\"elementor-button-icon\">\n\t\t\t\t<i aria-hidden=\"true\" class=\"fas fa-angle-double-right\"><\/i>\t\t\t<\/span>\n\t\t\t\t\t\t\t\t\t<span class=\"elementor-button-text\">Anmelden<\/span>\n\t\t\t\t\t<\/span>\n\t\t\t\t\t<\/a>\n\t\t\t\t<\/div>\n\t\t\t\t\t\t\t\t<\/div>\n\t\t\t\t<\/div>\n\t\t\t\t\t<\/div>\n\t\t<\/div>\n\t\t\t\t\t<\/div>\n\t\t<\/section>\n\t\t\t\t\t<\/div>\n\t\t<\/div>\n\t\t\t\t<div class=\"elementor-column elementor-col-33 elementor-top-column elementor-element elementor-element-1a9addc1\" data-id=\"1a9addc1\" data-element_type=\"column\" data-e-type=\"column\">\n\t\t\t<div class=\"elementor-widget-wrap\">\n\t\t\t\t\t\t\t<\/div>\n\t\t<\/div>\n\t\t\t\t\t<\/div>\n\t\t<\/section>\n\t\t\t\t<section class=\"elementor-section elementor-top-section elementor-element elementor-element-05f5994 elementor-section-boxed elementor-section-height-default elementor-section-height-default\" data-id=\"05f5994\" data-element_type=\"section\" data-e-type=\"section\">\n\t\t\t\t\t\t<div class=\"elementor-container elementor-column-gap-default\">\n\t\t\t\t\t<div class=\"elementor-column elementor-col-100 elementor-top-column elementor-element elementor-element-21d4e5b\" data-id=\"21d4e5b\" data-element_type=\"column\" data-e-type=\"column\">\n\t\t\t<div class=\"elementor-widget-wrap\">\n\t\t\t\t\t\t\t<\/div>\n\t\t<\/div>\n\t\t\t\t\t<\/div>\n\t\t<\/section>\n\t\t\t\t<section class=\"elementor-section elementor-top-section elementor-element elementor-element-7061b42d elementor-section-height-min-height elementor-section-boxed elementor-section-height-default elementor-section-items-middle\" data-id=\"7061b42d\" data-element_type=\"section\" data-e-type=\"section\" data-settings=\"{&quot;background_background&quot;:&quot;classic&quot;}\">\n\t\t\t\t\t\t\t<div class=\"elementor-background-overlay\"><\/div>\n\t\t\t\t\t\t\t<div class=\"elementor-container elementor-column-gap-default\">\n\t\t\t\t\t<div class=\"elementor-column elementor-col-100 elementor-top-column elementor-element elementor-element-3e389ee2\" data-id=\"3e389ee2\" data-element_type=\"column\" data-e-type=\"column\" data-settings=\"{&quot;background_background&quot;:&quot;classic&quot;}\">\n\t\t\t<div class=\"elementor-widget-wrap elementor-element-populated\">\n\t\t\t\t\t\t<div class=\"elementor-element elementor-element-762b1e4a elementor-widget elementor-widget-heading\" data-id=\"762b1e4a\" data-element_type=\"widget\" data-e-type=\"widget\" data-settings=\"{&quot;motion_fx_motion_fx_scrolling&quot;:&quot;yes&quot;,&quot;motion_fx_translateY_effect&quot;:&quot;yes&quot;,&quot;motion_fx_translateY_speed&quot;:{&quot;unit&quot;:&quot;px&quot;,&quot;size&quot;:&quot;0.5&quot;,&quot;sizes&quot;:[]},&quot;motion_fx_translateY_affectedRange&quot;:{&quot;unit&quot;:&quot;%&quot;,&quot;size&quot;:&quot;&quot;,&quot;sizes&quot;:{&quot;start&quot;:&quot;0&quot;,&quot;end&quot;:&quot;50&quot;}},&quot;motion_fx_translateY_direction&quot;:&quot;negative&quot;,&quot;motion_fx_devices&quot;:[&quot;desktop&quot;,&quot;tablet&quot;,&quot;mobile&quot;]}\" data-widget_type=\"heading.default\">\n\t\t\t\t<div class=\"elementor-widget-container\">\n\t\t\t\t\t<h4 class=\"elementor-heading-title elementor-size-default\">Won\u2019t Happen In One Day<\/h4>\t\t\t\t<\/div>\n\t\t\t\t<\/div>\n\t\t\t\t<div class=\"elementor-element elementor-element-49d7ee67 elementor-widget elementor-widget-heading\" data-id=\"49d7ee67\" data-element_type=\"widget\" data-e-type=\"widget\" data-settings=\"{&quot;motion_fx_motion_fx_scrolling&quot;:&quot;yes&quot;,&quot;motion_fx_opacity_effect&quot;:&quot;yes&quot;,&quot;motion_fx_opacity_range&quot;:{&quot;unit&quot;:&quot;%&quot;,&quot;size&quot;:&quot;&quot;,&quot;sizes&quot;:{&quot;start&quot;:&quot;0&quot;,&quot;end&quot;:&quot;50&quot;}},&quot;motion_fx_opacity_direction&quot;:&quot;out-in&quot;,&quot;motion_fx_opacity_level&quot;:{&quot;unit&quot;:&quot;px&quot;,&quot;size&quot;:10,&quot;sizes&quot;:[]},&quot;motion_fx_devices&quot;:[&quot;desktop&quot;,&quot;tablet&quot;,&quot;mobile&quot;]}\" data-widget_type=\"heading.default\">\n\t\t\t\t<div class=\"elementor-widget-container\">\n\t\t\t\t\t<h2 class=\"elementor-heading-title elementor-size-default\">don't give up without trying<\/h2>\t\t\t\t<\/div>\n\t\t\t\t<\/div>\n\t\t\t\t<div class=\"elementor-element elementor-element-5ac6106 elementor-align-center elementor-widget elementor-widget-button\" data-id=\"5ac6106\" data-element_type=\"widget\" data-e-type=\"widget\" data-widget_type=\"button.default\">\n\t\t\t\t<div class=\"elementor-widget-container\">\n\t\t\t\t\t\t\t\t\t<div class=\"elementor-button-wrapper\">\n\t\t\t\t\t<a class=\"elementor-button elementor-button-link elementor-size-sm\" href=\"https:\/\/lm.hcfbc.com\/widget\/appointment\/bitburg\/tour\">\n\t\t\t\t\t\t<span class=\"elementor-button-content-wrapper\">\n\t\t\t\t\t\t\t\t\t<span class=\"elementor-button-text\">Kennenlerngespr\u00e4ch vereinbaren<\/span>\n\t\t\t\t\t<\/span>\n\t\t\t\t\t<\/a>\n\t\t\t\t<\/div>\n\t\t\t\t\t\t\t\t<\/div>\n\t\t\t\t<\/div>\n\t\t\t\t\t<\/div>\n\t\t<\/div>\n\t\t\t\t\t<\/div>\n\t\t<\/section>\n\t\t\t\t<\/div>\n\t\t","protected":false},"excerpt":{"rendered":"<p>Boot:y Camp konzentriert sich auf die Entwicklung des Unterk\u00f6rpers Mit speziell entwickelten Circle-\u00dcbungen f\u00fcr den Unterk\u00f6rper, die auf die Ges\u00e4\u00dfmuskeln und Beine abzielen, verbrennt und formt der intensive Kalorienverbrennungs- und Straffungskreislauf von Booty Camp deinen Hintern. Auf hintere Muskulatur fokussierte Workouts von Nadia Nolan, der Top 10 der weltbesten Profi-Bikini-Wettk\u00e4mpferin und Mitbegr\u00fcnderin. https:\/\/youtu.be\/Wiq6Af2DjfI Anmelden Won\u2019t [&hellip;]<\/p>\n","protected":false},"author":70,"featured_media":0,"parent":0,"menu_order":0,"comment_status":"closed","ping_status":"closed","template":"","meta":{"_acf_changed":false,"footnotes":""},"class_list":["post-19171","page","type-page","status-publish","hentry"],"acf":[],"yoast_head":"<!-- This site is optimized with the Yoast SEO plugin v25.6 - https:\/\/yoast.com\/wordpress\/plugins\/seo\/ -->\n<title>Booty Camp Bitburg - Hardcore Fitness Bitburg<\/title>\n<meta name=\"description\" content=\"Booty Camp in Bitburg - Dein Workout f\u00fcr die hintere Muskulatur verbrennt Kalorien und strafft deinen Hintern. Melde dich noch heute an.\" \/>\n<meta name=\"robots\" content=\"index, follow, max-snippet:-1, max-image-preview:large, max-video-preview:-1\" \/>\n<link rel=\"canonical\" href=\"https:\/\/hardcorefitnessbootcamp.com\/hcf-our-classes\/hcf-booty-camp\/\" \/>\n<meta property=\"og:locale\" content=\"de_DE\" \/>\n<meta property=\"og:type\" content=\"article\" \/>\n<meta property=\"og:title\" content=\"Booty Camp Bitburg - Hardcore Fitness Bitburg\" \/>\n<meta property=\"og:description\" content=\"Booty Camp in Bitburg - Dein Workout f\u00fcr die hintere Muskulatur verbrennt Kalorien und strafft deinen Hintern. Melde dich noch heute an.\" \/>\n<meta property=\"og:url\" content=\"https:\/\/hardcorefitnessbootcamp.com\/hcf-our-classes\/hcf-booty-camp\/\" \/>\n<meta property=\"og:site_name\" content=\"Hardcore Fitness Bitburg\" \/>\n<meta property=\"article:publisher\" content=\"https:\/\/www.facebook.com\/hardcorefitnessbitburg\" \/>\n<meta property=\"article:modified_time\" content=\"2023-02-21T14:01:50+00:00\" \/>\n<meta property=\"og:image\" content=\"https:\/\/hardcorefitnessbootcamp.com\/bitburg-de\/wp-content\/uploads\/sites\/67\/2022\/04\/Booty-camp.png\" \/>\n<meta name=\"twitter:card\" content=\"summary_large_image\" \/>\n<meta name=\"twitter:label1\" content=\"Gesch\u00e4tzte Lesezeit\" \/>\n\t<meta name=\"twitter:data1\" content=\"1\u00a0Minute\" \/>\n<script type=\"application\/ld+json\" class=\"yoast-schema-graph\">{\"@context\":\"https:\/\/schema.org\",\"@graph\":[{\"@type\":\"WebPage\",\"@id\":\"https:\/\/hardcorefitnessbootcamp.com\/bitburg-de\/booty-camp-bitburg\/\",\"url\":\"https:\/\/hardcorefitnessbootcamp.com\/hcf-our-classes\/hcf-booty-camp\/\",\"name\":\"Booty Camp Bitburg - Hardcore Fitness Bitburg\",\"isPartOf\":{\"@id\":\"https:\/\/hardcorefitnessbootcamp.com\/bitburg-de\/#website\"},\"primaryImageOfPage\":{\"@id\":\"https:\/\/hardcorefitnessbootcamp.com\/hcf-our-classes\/hcf-booty-camp\/#primaryimage\"},\"image\":{\"@id\":\"https:\/\/hardcorefitnessbootcamp.com\/hcf-our-classes\/hcf-booty-camp\/#primaryimage\"},\"thumbnailUrl\":\"https:\/\/hardcorefitnessbootcamp.com\/bitburg-de\/wp-content\/uploads\/sites\/67\/2022\/04\/Booty-camp.png\",\"datePublished\":\"2022-08-19T16:18:49+00:00\",\"dateModified\":\"2023-02-21T14:01:50+00:00\",\"description\":\"Booty Camp in Bitburg - Dein Workout f\u00fcr die hintere Muskulatur verbrennt Kalorien und strafft deinen Hintern. Melde dich noch heute an.\",\"breadcrumb\":{\"@id\":\"https:\/\/hardcorefitnessbootcamp.com\/hcf-our-classes\/hcf-booty-camp\/#breadcrumb\"},\"inLanguage\":\"de\",\"potentialAction\":[{\"@type\":\"ReadAction\",\"target\":[\"https:\/\/hardcorefitnessbootcamp.com\/hcf-our-classes\/hcf-booty-camp\/\"]}]},{\"@type\":\"ImageObject\",\"inLanguage\":\"de\",\"@id\":\"https:\/\/hardcorefitnessbootcamp.com\/hcf-our-classes\/hcf-booty-camp\/#primaryimage\",\"url\":\"https:\/\/hardcorefitnessbootcamp.com\/bitburg-de\/wp-content\/uploads\/sites\/67\/2022\/04\/Booty-camp.png\",\"contentUrl\":\"https:\/\/hardcorefitnessbootcamp.com\/bitburg-de\/wp-content\/uploads\/sites\/67\/2022\/04\/Booty-camp.png\",\"width\":338,\"height\":154},{\"@type\":\"BreadcrumbList\",\"@id\":\"https:\/\/hardcorefitnessbootcamp.com\/hcf-our-classes\/hcf-booty-camp\/#breadcrumb\",\"itemListElement\":[{\"@type\":\"ListItem\",\"position\":1,\"name\":\"Home\",\"item\":\"https:\/\/hardcorefitnessbootcamp.com\/bitburg-de\/\"},{\"@type\":\"ListItem\",\"position\":2,\"name\":\"Booty Camp Bitburg\"}]},{\"@type\":\"WebSite\",\"@id\":\"https:\/\/hardcorefitnessbootcamp.com\/bitburg-de\/#website\",\"url\":\"https:\/\/hardcorefitnessbootcamp.com\/bitburg-de\/\",\"name\":\"Hardcore Fitness Bitburg\",\"description\":\"Dein Personal Training in Bitburg\",\"publisher\":{\"@id\":\"https:\/\/hardcorefitnessbootcamp.com\/bitburg-de\/#organization\"},\"potentialAction\":[{\"@type\":\"SearchAction\",\"target\":{\"@type\":\"EntryPoint\",\"urlTemplate\":\"https:\/\/hardcorefitnessbootcamp.com\/bitburg-de\/?s={search_term_string}\"},\"query-input\":{\"@type\":\"PropertyValueSpecification\",\"valueRequired\":true,\"valueName\":\"search_term_string\"}}],\"inLanguage\":\"de\"},{\"@type\":\"Organization\",\"@id\":\"https:\/\/hardcorefitnessbootcamp.com\/bitburg-de\/#organization\",\"name\":\"Hardcore Fitness Bitburg\",\"url\":\"https:\/\/hardcorefitnessbootcamp.com\/bitburg-de\/\",\"logo\":{\"@type\":\"ImageObject\",\"inLanguage\":\"de\",\"@id\":\"https:\/\/hardcorefitnessbootcamp.com\/bitburg-de\/#\/schema\/logo\/image\/\",\"url\":\"https:\/\/hardcorefitnessbootcamp.com\/bitburg-de\/wp-content\/uploads\/sites\/67\/2020\/11\/HCF-Logo-Red.jpeg\",\"contentUrl\":\"https:\/\/hardcorefitnessbootcamp.com\/bitburg-de\/wp-content\/uploads\/sites\/67\/2020\/11\/HCF-Logo-Red.jpeg\",\"width\":864,\"height\":535,\"caption\":\"Hardcore Fitness Bitburg\"},\"image\":{\"@id\":\"https:\/\/hardcorefitnessbootcamp.com\/bitburg-de\/#\/schema\/logo\/image\/\"},\"sameAs\":[\"https:\/\/www.facebook.com\/hardcorefitnessbitburg\",\"https:\/\/www.instagram.com\/hardcorefitnessbitburg\/\"]}]}<\/script>\n<!-- \/ Yoast SEO plugin. -->","yoast_head_json":{"title":"Booty Camp Bitburg - Hardcore Fitness Bitburg","description":"Booty Camp in Bitburg - Dein Workout f\u00fcr die hintere Muskulatur verbrennt Kalorien und strafft deinen Hintern. Melde dich noch heute an.","robots":{"index":"index","follow":"follow","max-snippet":"max-snippet:-1","max-image-preview":"max-image-preview:large","max-video-preview":"max-video-preview:-1"},"canonical":"https:\/\/hardcorefitnessbootcamp.com\/hcf-our-classes\/hcf-booty-camp\/","og_locale":"de_DE","og_type":"article","og_title":"Booty Camp Bitburg - Hardcore Fitness Bitburg","og_description":"Booty Camp in Bitburg - Dein Workout f\u00fcr die hintere Muskulatur verbrennt Kalorien und strafft deinen Hintern. Melde dich noch heute an.","og_url":"https:\/\/hardcorefitnessbootcamp.com\/hcf-our-classes\/hcf-booty-camp\/","og_site_name":"Hardcore Fitness Bitburg","article_publisher":"https:\/\/www.facebook.com\/hardcorefitnessbitburg","article_modified_time":"2023-02-21T14:01:50+00:00","og_image":[{"url":"https:\/\/hardcorefitnessbootcamp.com\/bitburg-de\/wp-content\/uploads\/sites\/67\/2022\/04\/Booty-camp.png","type":"","width":"","height":""}],"twitter_card":"summary_large_image","twitter_misc":{"Gesch\u00e4tzte Lesezeit":"1\u00a0Minute"},"schema":{"@context":"https:\/\/schema.org","@graph":[{"@type":"WebPage","@id":"https:\/\/hardcorefitnessbootcamp.com\/bitburg-de\/booty-camp-bitburg\/","url":"https:\/\/hardcorefitnessbootcamp.com\/hcf-our-classes\/hcf-booty-camp\/","name":"Booty Camp Bitburg - Hardcore Fitness Bitburg","isPartOf":{"@id":"https:\/\/hardcorefitnessbootcamp.com\/bitburg-de\/#website"},"primaryImageOfPage":{"@id":"https:\/\/hardcorefitnessbootcamp.com\/hcf-our-classes\/hcf-booty-camp\/#primaryimage"},"image":{"@id":"https:\/\/hardcorefitnessbootcamp.com\/hcf-our-classes\/hcf-booty-camp\/#primaryimage"},"thumbnailUrl":"https:\/\/hardcorefitnessbootcamp.com\/bitburg-de\/wp-content\/uploads\/sites\/67\/2022\/04\/Booty-camp.png","datePublished":"2022-08-19T16:18:49+00:00","dateModified":"2023-02-21T14:01:50+00:00","description":"Booty Camp in Bitburg - Dein Workout f\u00fcr die hintere Muskulatur verbrennt Kalorien und strafft deinen Hintern. Melde dich noch heute an.","breadcrumb":{"@id":"https:\/\/hardcorefitnessbootcamp.com\/hcf-our-classes\/hcf-booty-camp\/#breadcrumb"},"inLanguage":"de","potentialAction":[{"@type":"ReadAction","target":["https:\/\/hardcorefitnessbootcamp.com\/hcf-our-classes\/hcf-booty-camp\/"]}]},{"@type":"ImageObject","inLanguage":"de","@id":"https:\/\/hardcorefitnessbootcamp.com\/hcf-our-classes\/hcf-booty-camp\/#primaryimage","url":"https:\/\/hardcorefitnessbootcamp.com\/bitburg-de\/wp-content\/uploads\/sites\/67\/2022\/04\/Booty-camp.png","contentUrl":"https:\/\/hardcorefitnessbootcamp.com\/bitburg-de\/wp-content\/uploads\/sites\/67\/2022\/04\/Booty-camp.png","width":338,"height":154},{"@type":"BreadcrumbList","@id":"https:\/\/hardcorefitnessbootcamp.com\/hcf-our-classes\/hcf-booty-camp\/#breadcrumb","itemListElement":[{"@type":"ListItem","position":1,"name":"Home","item":"https:\/\/hardcorefitnessbootcamp.com\/bitburg-de\/"},{"@type":"ListItem","position":2,"name":"Booty Camp Bitburg"}]},{"@type":"WebSite","@id":"https:\/\/hardcorefitnessbootcamp.com\/bitburg-de\/#website","url":"https:\/\/hardcorefitnessbootcamp.com\/bitburg-de\/","name":"Hardcore Fitness Bitburg","description":"Dein Personal Training in Bitburg","publisher":{"@id":"https:\/\/hardcorefitnessbootcamp.com\/bitburg-de\/#organization"},"potentialAction":[{"@type":"SearchAction","target":{"@type":"EntryPoint","urlTemplate":"https:\/\/hardcorefitnessbootcamp.com\/bitburg-de\/?s={search_term_string}"},"query-input":{"@type":"PropertyValueSpecification","valueRequired":true,"valueName":"search_term_string"}}],"inLanguage":"de"},{"@type":"Organization","@id":"https:\/\/hardcorefitnessbootcamp.com\/bitburg-de\/#organization","name":"Hardcore Fitness Bitburg","url":"https:\/\/hardcorefitnessbootcamp.com\/bitburg-de\/","logo":{"@type":"ImageObject","inLanguage":"de","@id":"https:\/\/hardcorefitnessbootcamp.com\/bitburg-de\/#\/schema\/logo\/image\/","url":"https:\/\/hardcorefitnessbootcamp.com\/bitburg-de\/wp-content\/uploads\/sites\/67\/2020\/11\/HCF-Logo-Red.jpeg","contentUrl":"https:\/\/hardcorefitnessbootcamp.com\/bitburg-de\/wp-content\/uploads\/sites\/67\/2020\/11\/HCF-Logo-Red.jpeg","width":864,"height":535,"caption":"Hardcore Fitness Bitburg"},"image":{"@id":"https:\/\/hardcorefitnessbootcamp.com\/bitburg-de\/#\/schema\/logo\/image\/"},"sameAs":["https:\/\/www.facebook.com\/hardcorefitnessbitburg","https:\/\/www.instagram.com\/hardcorefitnessbitburg\/"]}]}},"_links":{"self":[{"href":"https:\/\/hardcorefitnessbootcamp.com\/bitburg-de\/wp-json\/wp\/v2\/pages\/19171"}],"collection":[{"href":"https:\/\/hardcorefitnessbootcamp.com\/bitburg-de\/wp-json\/wp\/v2\/pages"}],"about":[{"href":"https:\/\/hardcorefitnessbootcamp.com\/bitburg-de\/wp-json\/wp\/v2\/types\/page"}],"author":[{"embeddable":true,"href":"https:\/\/hardcorefitnessbootcamp.com\/bitburg-de\/wp-json\/wp\/v2\/users\/70"}],"replies":[{"embeddable":true,"href":"https:\/\/hardcorefitnessbootcamp.com\/bitburg-de\/wp-json\/wp\/v2\/comments?post=19171"}],"version-history":[{"count":18,"href":"https:\/\/hardcorefitnessbootcamp.com\/bitburg-de\/wp-json\/wp\/v2\/pages\/19171\/revisions"}],"predecessor-version":[{"id":19674,"href":"https:\/\/hardcorefitnessbootcamp.com\/bitburg-de\/wp-json\/wp\/v2\/pages\/19171\/revisions\/19674"}],"wp:attachment":[{"href":"https:\/\/hardcorefitnessbootcamp.com\/bitburg-de\/wp-json\/wp\/v2\/media?parent=19171"}],"curies":[{"name":"wp","href":"https:\/\/api.w.org\/{rel}","templated":true}]}}