{"id":19290,"date":"2022-08-21T16:29:15","date_gmt":"2022-08-21T14:29:15","guid":{"rendered":"https:\/\/hardcorefitnessbootcamp.com\/bitburg-de\/?page_id=19290"},"modified":"2022-09-10T18:57:49","modified_gmt":"2022-09-10T16:57:49","slug":"ernaehrung-hardcore-fitness-bitburg","status":"publish","type":"page","link":"https:\/\/hardcorefitnessbootcamp.com\/bitburg-de\/ernaehrung-hardcore-fitness-bitburg\/","title":{"rendered":"Ern\u00e4hrung"},"content":{"rendered":"\t\t<div data-elementor-type=\"wp-page\" data-elementor-id=\"19290\" class=\"elementor elementor-19290\" data-elementor-post-type=\"page\">\n\t\t\t\t\t\t<section class=\"elementor-section elementor-top-section elementor-element elementor-element-3259dd2b elementor-section-boxed elementor-section-height-default elementor-section-height-default\" data-id=\"3259dd2b\" data-element_type=\"section\" data-e-type=\"section\">\n\t\t\t\t\t\t<div class=\"elementor-container elementor-column-gap-default\">\n\t\t\t\t\t<div class=\"elementor-column elementor-col-50 elementor-top-column elementor-element elementor-element-74e974f4\" data-id=\"74e974f4\" data-element_type=\"column\" data-e-type=\"column\">\n\t\t\t<div class=\"elementor-widget-wrap elementor-element-populated\">\n\t\t\t\t\t\t<div class=\"elementor-element elementor-element-16d16cc4 elementor-widget elementor-widget-heading\" data-id=\"16d16cc4\" data-element_type=\"widget\" data-e-type=\"widget\" data-widget_type=\"heading.default\">\n\t\t\t\t<div class=\"elementor-widget-container\">\n\t\t\t\t\t<h1 class=\"elementor-heading-title elementor-size-default\">Ern\u00e4hrung<\/h1>\t\t\t\t<\/div>\n\t\t\t\t<\/div>\n\t\t\t\t\t<\/div>\n\t\t<\/div>\n\t\t\t\t<div class=\"elementor-column elementor-col-50 elementor-top-column elementor-element elementor-element-97d54f9\" data-id=\"97d54f9\" data-element_type=\"column\" data-e-type=\"column\">\n\t\t\t<div class=\"elementor-widget-wrap elementor-element-populated\">\n\t\t\t\t\t\t<div class=\"elementor-element elementor-element-37b09f11 elementor-widget elementor-widget-video\" data-id=\"37b09f11\" data-element_type=\"widget\" data-e-type=\"widget\" data-settings=\"{&quot;youtube_url&quot;:&quot;https:\\\/\\\/youtu.be\\\/U5krgqNtzmI&quot;,&quot;autoplay&quot;:&quot;yes&quot;,&quot;play_on_mobile&quot;:&quot;yes&quot;,&quot;mute&quot;:&quot;yes&quot;,&quot;loop&quot;:&quot;yes&quot;,&quot;video_type&quot;:&quot;youtube&quot;}\" data-widget_type=\"video.default\">\n\t\t\t\t<div class=\"elementor-widget-container\">\n\t\t\t\t\t\t\t<div class=\"elementor-wrapper elementor-open-inline\">\n\t\t\t<div class=\"elementor-video\"><\/div>\t\t<\/div>\n\t\t\t\t\t\t<\/div>\n\t\t\t\t<\/div>\n\t\t\t\t\t<\/div>\n\t\t<\/div>\n\t\t\t\t\t<\/div>\n\t\t<\/section>\n\t\t\t\t<section class=\"elementor-section elementor-top-section elementor-element elementor-element-29471d0d elementor-section-height-min-height elementor-section-boxed elementor-section-height-default elementor-section-items-middle\" data-id=\"29471d0d\" data-element_type=\"section\" data-e-type=\"section\" data-settings=\"{&quot;background_background&quot;:&quot;classic&quot;}\">\n\t\t\t\t\t\t<div class=\"elementor-container elementor-column-gap-default\">\n\t\t\t\t\t<div class=\"elementor-column elementor-col-50 elementor-top-column elementor-element elementor-element-72760c23\" data-id=\"72760c23\" data-element_type=\"column\" data-e-type=\"column\">\n\t\t\t<div class=\"elementor-widget-wrap elementor-element-populated\">\n\t\t\t\t\t\t<div class=\"elementor-element elementor-element-1cf9c9ff elementor-widget elementor-widget-spacer\" data-id=\"1cf9c9ff\" data-element_type=\"widget\" data-e-type=\"widget\" data-widget_type=\"spacer.default\">\n\t\t\t\t<div class=\"elementor-widget-container\">\n\t\t\t\t\t\t\t<div class=\"elementor-spacer\">\n\t\t\t<div class=\"elementor-spacer-inner\"><\/div>\n\t\t<\/div>\n\t\t\t\t\t\t<\/div>\n\t\t\t\t<\/div>\n\t\t\t\t<div class=\"elementor-element elementor-element-18f3abdb elementor-widget elementor-widget-image\" data-id=\"18f3abdb\" data-element_type=\"widget\" data-e-type=\"widget\" data-widget_type=\"image.default\">\n\t\t\t\t<div class=\"elementor-widget-container\">\n\t\t\t\t\t\t\t\t\t\t\t\t\t\t\t<img decoding=\"async\" src=\"https:\/\/hardcorefitnessbootcamp.com\/bitburg-de\/wp-content\/uploads\/sites\/67\/2022\/04\/Screen-Shot-2022-04-16-at-7.17.23-PM.png\" title=\"\" alt=\"\" loading=\"lazy\" \/>\t\t\t\t\t\t\t\t\t\t\t\t\t\t\t<\/div>\n\t\t\t\t<\/div>\n\t\t\t\t<div class=\"elementor-element elementor-element-70d0ad3b elementor-widget elementor-widget-image\" data-id=\"70d0ad3b\" data-element_type=\"widget\" data-e-type=\"widget\" data-widget_type=\"image.default\">\n\t\t\t\t<div class=\"elementor-widget-container\">\n\t\t\t\t\t\t\t\t\t\t\t\t\t\t\t<img decoding=\"async\" src=\"https:\/\/hardcorefitnessbootcamp.com\/bitburg-de\/wp-content\/uploads\/sites\/67\/2022\/04\/Screen-Shot-2022-04-16-at-7.17.33-PM.png\" title=\"\" alt=\"\" loading=\"lazy\" \/>\t\t\t\t\t\t\t\t\t\t\t\t\t\t\t<\/div>\n\t\t\t\t<\/div>\n\t\t\t\t<div class=\"elementor-element elementor-element-375543ed elementor-widget elementor-widget-spacer\" data-id=\"375543ed\" data-element_type=\"widget\" data-e-type=\"widget\" data-widget_type=\"spacer.default\">\n\t\t\t\t<div class=\"elementor-widget-container\">\n\t\t\t\t\t\t\t<div class=\"elementor-spacer\">\n\t\t\t<div class=\"elementor-spacer-inner\"><\/div>\n\t\t<\/div>\n\t\t\t\t\t\t<\/div>\n\t\t\t\t<\/div>\n\t\t\t\t\t<\/div>\n\t\t<\/div>\n\t\t\t\t<div class=\"elementor-column elementor-col-50 elementor-top-column elementor-element elementor-element-41e477f9\" data-id=\"41e477f9\" data-element_type=\"column\" data-e-type=\"column\">\n\t\t\t<div class=\"elementor-widget-wrap elementor-element-populated\">\n\t\t\t\t\t\t<div class=\"elementor-element elementor-element-47a63225 elementor-widget elementor-widget-text-editor\" data-id=\"47a63225\" data-element_type=\"widget\" data-e-type=\"widget\" data-widget_type=\"text-editor.default\">\n\t\t\t\t<div class=\"elementor-widget-container\">\n\t\t\t\t\t\t\t\t\t<h1>Deine Ern\u00e4hrungsberatung von Hardcore Fitness!<\/h1>\t\t\t\t\t\t\t\t<\/div>\n\t\t\t\t<\/div>\n\t\t\t\t<div class=\"elementor-element elementor-element-3347d492 elementor-widget elementor-widget-heading\" data-id=\"3347d492\" data-element_type=\"widget\" data-e-type=\"widget\" data-widget_type=\"heading.default\">\n\t\t\t\t<div class=\"elementor-widget-container\">\n\t\t\t\t\t<h3 class=\"elementor-heading-title elementor-size-medium\">Das beste Training kann eine gesunde Ern\u00e4hrung nicht ersetzen<\/h3>\t\t\t\t<\/div>\n\t\t\t\t<\/div>\n\t\t\t\t<div class=\"elementor-element elementor-element-5d979089 elementor-widget elementor-widget-text-editor\" data-id=\"5d979089\" data-element_type=\"widget\" data-e-type=\"widget\" data-widget_type=\"text-editor.default\">\n\t\t\t\t<div class=\"elementor-widget-container\">\n\t\t\t\t\t\t\t\t\t<p>Du arbeitest hart, um deine Fitnessziele zu erreichen aber siehst oft nicht die gew\u00fcnschten Erfolge? Im Bereich Fitness spielen viele verschiedene Faktoren zusammen. K\u00f6rperliche Verfassung, Gesundheitszustand, ein perfekter Trainingsplan aber vor allem auch deine Essgewohnheiten. Erg\u00e4nzend zu deinem ambitionierten Training solltest du dir also immer die Frage stellen: Passen meine Essgewohnheiten zu meinem Training?<\/p><p>Gesundes Essen kann eine Herausforderung sein, besonders wenn der Hei\u00dfhunger am Mittag oder am sp\u00e4ten Abend vor dem Fernseher wieder einmal zuschl\u00e4gt. Zudem verbinden die meisten Menschen einen gesunden und ausgewogenen Ern\u00e4hrungsplan immer noch mit dem automatischen Verzicht auf Leckereien. Daher kann es manchmal ganz sch\u00f6n frustrierend sein, auf Kurs zu bleiben. Aber wir sind hier, um dich zu unterst\u00fctzen! Ein gesunder Ern\u00e4hrungsplan (der Snacks und gelegentliche Leckereien umfasst) \u2013 in Kombination mit deiner Trainingsroutine \u2013 ist in den meisten F\u00e4llen schon der Schl\u00fcssel zum Erfolg!<\/p><div>Eine Mitgliedschaft im Hardcore Fitness Bitburg beinhaltet f\u00fcr dich neben vielen Features f\u00fcr dein Training zudem Zugriff auf die Hardcore Fitness Di\u00e4t-App. Diese ist eine einfache und smarte<br \/>M\u00f6glichkeit, eine individuelle Ern\u00e4hrungsberatung basierend auf deinen pers\u00f6nlichen und zielspezifischen Bed\u00fcrfnissen durchzuf\u00fchren. Mit deinem Zugriff auf die App erh\u00e4ltst du zudem auch Einkaufslisten und viele verschiedene Informationen und Tipps zu unterschiedlichen<br \/>Ern\u00e4hrungsans\u00e4tzen wie zum Beispiel Keto, intermittierendes Fasten oder Carb-Cycling. Um dir zu helfen, deinen Hei\u00dfhunger zu lenken und dich auf Kurs zu halten, ist die Hardcore Fitness Di\u00e4t-App vollgepackt mit Speisepl\u00e4nen voller leckerer Gerichte. Diese wurden von zertifizierten<br \/>Ern\u00e4hrungsberatern entwickelt und sind auch auf die verschiedensten Bed\u00fcrfnisse, Ziele und Vorlieben, wie zum Beispiel vegane und vegetarische Gerichte, ausgelegt. Auch Ern\u00e4hrungskonzepte<br \/>zur gezielten Gewichtszunahme- und Gewichtsabnahmeoptionen sind enthalten. <\/div><div>\u00a0<\/div><div>Bei Fragen oder Unsicherheiten zu den jeweiligen Ern\u00e4hrungsformen oder deinem eigenen Ern\u00e4hrungsplan steht dir selbstverst\u00e4ndlich unser erfahrenes Team jederzeit mit Rat und Tat zur Seite.<\/div><div>\u00a0<\/div><p>Wir versprechen dir, eine gesunde, ausgewogene Ern\u00e4hrung die sogar Spa\u00df macht und richtig gut schmeckt, ist mit dem richtigen Ansatz wirklich kein Hexenwerk. Ganz im Gegenteil. Sie ist sogar oft der einfachste Weg f\u00fcr dich, die langanhaltenden Ergebnisse zu erzielen, die du dir w\u00fcnschst. Und das Beste daran: Dein pers\u00f6nliches Ern\u00e4hrungskonzept ist mit deiner Mitgliedschaft im Hardcore Fitness Bitburg verbunden! Wir bieten dir in unserem Fitnessstudio alles, was du brauchst, um dein Ern\u00e4hrungserlebnis zu personalisieren und sicherzustellen, dass es zusammen mit der harten Arbeit, die du im Hardcore Fitness Bitburg leistest, zu einem maximalen Erfolg f\u00fcr dich f\u00fchrt.<\/p>\t\t\t\t\t\t\t\t<\/div>\n\t\t\t\t<\/div>\n\t\t\t\t\t<\/div>\n\t\t<\/div>\n\t\t\t\t\t<\/div>\n\t\t<\/section>\n\t\t\t\t<section class=\"elementor-section elementor-top-section elementor-element elementor-element-55f5dba9 elementor-section-height-min-height elementor-section-boxed elementor-section-height-default elementor-section-items-middle\" data-id=\"55f5dba9\" data-element_type=\"section\" data-e-type=\"section\" data-settings=\"{&quot;background_background&quot;:&quot;classic&quot;}\">\n\t\t\t\t\t\t\t<div class=\"elementor-background-overlay\"><\/div>\n\t\t\t\t\t\t\t<div class=\"elementor-container elementor-column-gap-default\">\n\t\t\t\t\t<div class=\"elementor-column elementor-col-100 elementor-top-column elementor-element elementor-element-462bad7e\" data-id=\"462bad7e\" data-element_type=\"column\" data-e-type=\"column\" data-settings=\"{&quot;background_background&quot;:&quot;classic&quot;}\">\n\t\t\t<div class=\"elementor-widget-wrap elementor-element-populated\">\n\t\t\t\t\t\t<div class=\"elementor-element elementor-element-17a0a8b7 elementor-widget elementor-widget-heading\" data-id=\"17a0a8b7\" data-element_type=\"widget\" data-e-type=\"widget\" data-settings=\"{&quot;motion_fx_motion_fx_scrolling&quot;:&quot;yes&quot;,&quot;motion_fx_translateY_effect&quot;:&quot;yes&quot;,&quot;motion_fx_translateY_speed&quot;:{&quot;unit&quot;:&quot;px&quot;,&quot;size&quot;:&quot;0.5&quot;,&quot;sizes&quot;:[]},&quot;motion_fx_translateY_affectedRange&quot;:{&quot;unit&quot;:&quot;%&quot;,&quot;size&quot;:&quot;&quot;,&quot;sizes&quot;:{&quot;start&quot;:&quot;0&quot;,&quot;end&quot;:&quot;50&quot;}},&quot;motion_fx_translateY_direction&quot;:&quot;negative&quot;,&quot;motion_fx_devices&quot;:[&quot;desktop&quot;,&quot;tablet&quot;,&quot;mobile&quot;]}\" data-widget_type=\"heading.default\">\n\t\t\t\t<div class=\"elementor-widget-container\">\n\t\t\t\t\t<h4 class=\"elementor-heading-title elementor-size-default\">Won\u2019t Happen In One Day<\/h4>\t\t\t\t<\/div>\n\t\t\t\t<\/div>\n\t\t\t\t<div class=\"elementor-element elementor-element-1ab65ebd elementor-widget elementor-widget-heading\" data-id=\"1ab65ebd\" data-element_type=\"widget\" data-e-type=\"widget\" data-settings=\"{&quot;motion_fx_motion_fx_scrolling&quot;:&quot;yes&quot;,&quot;motion_fx_opacity_effect&quot;:&quot;yes&quot;,&quot;motion_fx_opacity_range&quot;:{&quot;unit&quot;:&quot;%&quot;,&quot;size&quot;:&quot;&quot;,&quot;sizes&quot;:{&quot;start&quot;:&quot;0&quot;,&quot;end&quot;:&quot;50&quot;}},&quot;motion_fx_opacity_direction&quot;:&quot;out-in&quot;,&quot;motion_fx_opacity_level&quot;:{&quot;unit&quot;:&quot;px&quot;,&quot;size&quot;:10,&quot;sizes&quot;:[]},&quot;motion_fx_devices&quot;:[&quot;desktop&quot;,&quot;tablet&quot;,&quot;mobile&quot;]}\" data-widget_type=\"heading.default\">\n\t\t\t\t<div class=\"elementor-widget-container\">\n\t\t\t\t\t<h2 class=\"elementor-heading-title elementor-size-default\">don't give up without trying<\/h2>\t\t\t\t<\/div>\n\t\t\t\t<\/div>\n\t\t\t\t\t<\/div>\n\t\t<\/div>\n\t\t\t\t\t<\/div>\n\t\t<\/section>\n\t\t\t\t<\/div>\n\t\t","protected":false},"excerpt":{"rendered":"<p>Ern\u00e4hrung Deine Ern\u00e4hrungsberatung von Hardcore Fitness! Das beste Training kann eine gesunde Ern\u00e4hrung nicht ersetzen Du arbeitest hart, um deine Fitnessziele zu erreichen aber siehst oft nicht die gew\u00fcnschten Erfolge? Im Bereich Fitness spielen viele verschiedene Faktoren zusammen. K\u00f6rperliche Verfassung, Gesundheitszustand, ein perfekter Trainingsplan aber vor allem auch deine Essgewohnheiten. Erg\u00e4nzend zu deinem ambitionierten Training [&hellip;]<\/p>\n","protected":false},"author":70,"featured_media":0,"parent":0,"menu_order":0,"comment_status":"closed","ping_status":"closed","template":"","meta":{"_acf_changed":false,"footnotes":""},"class_list":["post-19290","page","type-page","status-publish","hentry"],"acf":[],"yoast_head":"<!-- This site is optimized with the Yoast SEO plugin v25.6 - https:\/\/yoast.com\/wordpress\/plugins\/seo\/ -->\n<title>Ern\u00e4hrung - Hardcore Fitness Bitburg<\/title>\n<meta name=\"description\" content=\"Die Hardcore Fitness Di\u00e4t-App gibt dir den kostenlosen Zugriff auf ganz viele auf dich zugeschnittene Ern\u00e4hrungspl\u00e4ne. Hol sie dir jetzt.\" \/>\n<meta name=\"robots\" content=\"index, follow, max-snippet:-1, max-image-preview:large, max-video-preview:-1\" \/>\n<link rel=\"canonical\" href=\"https:\/\/hardcorefitnessbootcamp.com\/hcf-home\/hcf-nutrition\/\" \/>\n<meta property=\"og:locale\" content=\"de_DE\" \/>\n<meta property=\"og:type\" content=\"article\" \/>\n<meta property=\"og:title\" content=\"Ern\u00e4hrung - Hardcore Fitness Bitburg\" \/>\n<meta property=\"og:description\" content=\"Die Hardcore Fitness Di\u00e4t-App gibt dir den kostenlosen Zugriff auf ganz viele auf dich zugeschnittene Ern\u00e4hrungspl\u00e4ne. Hol sie dir jetzt.\" \/>\n<meta property=\"og:url\" content=\"https:\/\/hardcorefitnessbootcamp.com\/hcf-home\/hcf-nutrition\/\" \/>\n<meta property=\"og:site_name\" content=\"Hardcore Fitness Bitburg\" \/>\n<meta property=\"article:publisher\" content=\"https:\/\/www.facebook.com\/hardcorefitnessbitburg\" \/>\n<meta property=\"article:modified_time\" content=\"2022-09-10T16:57:49+00:00\" \/>\n<meta property=\"og:image\" content=\"https:\/\/hardcorefitnessbootcamp.com\/bitburg-de\/wp-content\/uploads\/sites\/67\/2022\/04\/Screen-Shot-2022-04-16-at-7.17.23-PM.png\" \/>\n<meta name=\"twitter:card\" content=\"summary_large_image\" \/>\n<meta name=\"twitter:label1\" content=\"Gesch\u00e4tzte Lesezeit\" \/>\n\t<meta name=\"twitter:data1\" content=\"3\u00a0Minuten\" \/>\n<script type=\"application\/ld+json\" class=\"yoast-schema-graph\">{\"@context\":\"https:\/\/schema.org\",\"@graph\":[{\"@type\":\"WebPage\",\"@id\":\"https:\/\/hardcorefitnessbootcamp.com\/bitburg-de\/ernaehrung-hardcore-fitness-bitburg\/\",\"url\":\"https:\/\/hardcorefitnessbootcamp.com\/hcf-home\/hcf-nutrition\/\",\"name\":\"Ern\u00e4hrung - Hardcore Fitness Bitburg\",\"isPartOf\":{\"@id\":\"https:\/\/hardcorefitnessbootcamp.com\/bitburg-de\/#website\"},\"primaryImageOfPage\":{\"@id\":\"https:\/\/hardcorefitnessbootcamp.com\/hcf-home\/hcf-nutrition\/#primaryimage\"},\"image\":{\"@id\":\"https:\/\/hardcorefitnessbootcamp.com\/hcf-home\/hcf-nutrition\/#primaryimage\"},\"thumbnailUrl\":\"https:\/\/hardcorefitnessbootcamp.com\/bitburg-de\/wp-content\/uploads\/sites\/67\/2022\/04\/Screen-Shot-2022-04-16-at-7.17.23-PM.png\",\"datePublished\":\"2022-08-21T14:29:15+00:00\",\"dateModified\":\"2022-09-10T16:57:49+00:00\",\"description\":\"Die Hardcore Fitness Di\u00e4t-App gibt dir den kostenlosen Zugriff auf ganz viele auf dich zugeschnittene Ern\u00e4hrungspl\u00e4ne. Hol sie dir jetzt.\",\"breadcrumb\":{\"@id\":\"https:\/\/hardcorefitnessbootcamp.com\/hcf-home\/hcf-nutrition\/#breadcrumb\"},\"inLanguage\":\"de\",\"potentialAction\":[{\"@type\":\"ReadAction\",\"target\":[\"https:\/\/hardcorefitnessbootcamp.com\/hcf-home\/hcf-nutrition\/\"]}]},{\"@type\":\"ImageObject\",\"inLanguage\":\"de\",\"@id\":\"https:\/\/hardcorefitnessbootcamp.com\/hcf-home\/hcf-nutrition\/#primaryimage\",\"url\":\"https:\/\/hardcorefitnessbootcamp.com\/bitburg-de\/wp-content\/uploads\/sites\/67\/2022\/04\/Screen-Shot-2022-04-16-at-7.17.23-PM.png\",\"contentUrl\":\"https:\/\/hardcorefitnessbootcamp.com\/bitburg-de\/wp-content\/uploads\/sites\/67\/2022\/04\/Screen-Shot-2022-04-16-at-7.17.23-PM.png\",\"width\":1388,\"height\":884},{\"@type\":\"BreadcrumbList\",\"@id\":\"https:\/\/hardcorefitnessbootcamp.com\/hcf-home\/hcf-nutrition\/#breadcrumb\",\"itemListElement\":[{\"@type\":\"ListItem\",\"position\":1,\"name\":\"Home\",\"item\":\"https:\/\/hardcorefitnessbootcamp.com\/bitburg-de\/\"},{\"@type\":\"ListItem\",\"position\":2,\"name\":\"Ern\u00e4hrung\"}]},{\"@type\":\"WebSite\",\"@id\":\"https:\/\/hardcorefitnessbootcamp.com\/bitburg-de\/#website\",\"url\":\"https:\/\/hardcorefitnessbootcamp.com\/bitburg-de\/\",\"name\":\"Hardcore Fitness Bitburg\",\"description\":\"Dein Personal Training in Bitburg\",\"publisher\":{\"@id\":\"https:\/\/hardcorefitnessbootcamp.com\/bitburg-de\/#organization\"},\"potentialAction\":[{\"@type\":\"SearchAction\",\"target\":{\"@type\":\"EntryPoint\",\"urlTemplate\":\"https:\/\/hardcorefitnessbootcamp.com\/bitburg-de\/?s={search_term_string}\"},\"query-input\":{\"@type\":\"PropertyValueSpecification\",\"valueRequired\":true,\"valueName\":\"search_term_string\"}}],\"inLanguage\":\"de\"},{\"@type\":\"Organization\",\"@id\":\"https:\/\/hardcorefitnessbootcamp.com\/bitburg-de\/#organization\",\"name\":\"Hardcore Fitness Bitburg\",\"url\":\"https:\/\/hardcorefitnessbootcamp.com\/bitburg-de\/\",\"logo\":{\"@type\":\"ImageObject\",\"inLanguage\":\"de\",\"@id\":\"https:\/\/hardcorefitnessbootcamp.com\/bitburg-de\/#\/schema\/logo\/image\/\",\"url\":\"https:\/\/hardcorefitnessbootcamp.com\/bitburg-de\/wp-content\/uploads\/sites\/67\/2020\/11\/HCF-Logo-Red.jpeg\",\"contentUrl\":\"https:\/\/hardcorefitnessbootcamp.com\/bitburg-de\/wp-content\/uploads\/sites\/67\/2020\/11\/HCF-Logo-Red.jpeg\",\"width\":864,\"height\":535,\"caption\":\"Hardcore Fitness Bitburg\"},\"image\":{\"@id\":\"https:\/\/hardcorefitnessbootcamp.com\/bitburg-de\/#\/schema\/logo\/image\/\"},\"sameAs\":[\"https:\/\/www.facebook.com\/hardcorefitnessbitburg\",\"https:\/\/www.instagram.com\/hardcorefitnessbitburg\/\"]}]}<\/script>\n<!-- \/ Yoast SEO plugin. -->","yoast_head_json":{"title":"Ern\u00e4hrung - Hardcore Fitness Bitburg","description":"Die Hardcore Fitness Di\u00e4t-App gibt dir den kostenlosen Zugriff auf ganz viele auf dich zugeschnittene Ern\u00e4hrungspl\u00e4ne. Hol sie dir jetzt.","robots":{"index":"index","follow":"follow","max-snippet":"max-snippet:-1","max-image-preview":"max-image-preview:large","max-video-preview":"max-video-preview:-1"},"canonical":"https:\/\/hardcorefitnessbootcamp.com\/hcf-home\/hcf-nutrition\/","og_locale":"de_DE","og_type":"article","og_title":"Ern\u00e4hrung - Hardcore Fitness Bitburg","og_description":"Die Hardcore Fitness Di\u00e4t-App gibt dir den kostenlosen Zugriff auf ganz viele auf dich zugeschnittene Ern\u00e4hrungspl\u00e4ne. Hol sie dir jetzt.","og_url":"https:\/\/hardcorefitnessbootcamp.com\/hcf-home\/hcf-nutrition\/","og_site_name":"Hardcore Fitness Bitburg","article_publisher":"https:\/\/www.facebook.com\/hardcorefitnessbitburg","article_modified_time":"2022-09-10T16:57:49+00:00","og_image":[{"url":"https:\/\/hardcorefitnessbootcamp.com\/bitburg-de\/wp-content\/uploads\/sites\/67\/2022\/04\/Screen-Shot-2022-04-16-at-7.17.23-PM.png","type":"","width":"","height":""}],"twitter_card":"summary_large_image","twitter_misc":{"Gesch\u00e4tzte Lesezeit":"3\u00a0Minuten"},"schema":{"@context":"https:\/\/schema.org","@graph":[{"@type":"WebPage","@id":"https:\/\/hardcorefitnessbootcamp.com\/bitburg-de\/ernaehrung-hardcore-fitness-bitburg\/","url":"https:\/\/hardcorefitnessbootcamp.com\/hcf-home\/hcf-nutrition\/","name":"Ern\u00e4hrung - Hardcore Fitness Bitburg","isPartOf":{"@id":"https:\/\/hardcorefitnessbootcamp.com\/bitburg-de\/#website"},"primaryImageOfPage":{"@id":"https:\/\/hardcorefitnessbootcamp.com\/hcf-home\/hcf-nutrition\/#primaryimage"},"image":{"@id":"https:\/\/hardcorefitnessbootcamp.com\/hcf-home\/hcf-nutrition\/#primaryimage"},"thumbnailUrl":"https:\/\/hardcorefitnessbootcamp.com\/bitburg-de\/wp-content\/uploads\/sites\/67\/2022\/04\/Screen-Shot-2022-04-16-at-7.17.23-PM.png","datePublished":"2022-08-21T14:29:15+00:00","dateModified":"2022-09-10T16:57:49+00:00","description":"Die Hardcore Fitness Di\u00e4t-App gibt dir den kostenlosen Zugriff auf ganz viele auf dich zugeschnittene Ern\u00e4hrungspl\u00e4ne. Hol sie dir jetzt.","breadcrumb":{"@id":"https:\/\/hardcorefitnessbootcamp.com\/hcf-home\/hcf-nutrition\/#breadcrumb"},"inLanguage":"de","potentialAction":[{"@type":"ReadAction","target":["https:\/\/hardcorefitnessbootcamp.com\/hcf-home\/hcf-nutrition\/"]}]},{"@type":"ImageObject","inLanguage":"de","@id":"https:\/\/hardcorefitnessbootcamp.com\/hcf-home\/hcf-nutrition\/#primaryimage","url":"https:\/\/hardcorefitnessbootcamp.com\/bitburg-de\/wp-content\/uploads\/sites\/67\/2022\/04\/Screen-Shot-2022-04-16-at-7.17.23-PM.png","contentUrl":"https:\/\/hardcorefitnessbootcamp.com\/bitburg-de\/wp-content\/uploads\/sites\/67\/2022\/04\/Screen-Shot-2022-04-16-at-7.17.23-PM.png","width":1388,"height":884},{"@type":"BreadcrumbList","@id":"https:\/\/hardcorefitnessbootcamp.com\/hcf-home\/hcf-nutrition\/#breadcrumb","itemListElement":[{"@type":"ListItem","position":1,"name":"Home","item":"https:\/\/hardcorefitnessbootcamp.com\/bitburg-de\/"},{"@type":"ListItem","position":2,"name":"Ern\u00e4hrung"}]},{"@type":"WebSite","@id":"https:\/\/hardcorefitnessbootcamp.com\/bitburg-de\/#website","url":"https:\/\/hardcorefitnessbootcamp.com\/bitburg-de\/","name":"Hardcore Fitness Bitburg","description":"Dein Personal Training in Bitburg","publisher":{"@id":"https:\/\/hardcorefitnessbootcamp.com\/bitburg-de\/#organization"},"potentialAction":[{"@type":"SearchAction","target":{"@type":"EntryPoint","urlTemplate":"https:\/\/hardcorefitnessbootcamp.com\/bitburg-de\/?s={search_term_string}"},"query-input":{"@type":"PropertyValueSpecification","valueRequired":true,"valueName":"search_term_string"}}],"inLanguage":"de"},{"@type":"Organization","@id":"https:\/\/hardcorefitnessbootcamp.com\/bitburg-de\/#organization","name":"Hardcore Fitness Bitburg","url":"https:\/\/hardcorefitnessbootcamp.com\/bitburg-de\/","logo":{"@type":"ImageObject","inLanguage":"de","@id":"https:\/\/hardcorefitnessbootcamp.com\/bitburg-de\/#\/schema\/logo\/image\/","url":"https:\/\/hardcorefitnessbootcamp.com\/bitburg-de\/wp-content\/uploads\/sites\/67\/2020\/11\/HCF-Logo-Red.jpeg","contentUrl":"https:\/\/hardcorefitnessbootcamp.com\/bitburg-de\/wp-content\/uploads\/sites\/67\/2020\/11\/HCF-Logo-Red.jpeg","width":864,"height":535,"caption":"Hardcore Fitness Bitburg"},"image":{"@id":"https:\/\/hardcorefitnessbootcamp.com\/bitburg-de\/#\/schema\/logo\/image\/"},"sameAs":["https:\/\/www.facebook.com\/hardcorefitnessbitburg","https:\/\/www.instagram.com\/hardcorefitnessbitburg\/"]}]}},"_links":{"self":[{"href":"https:\/\/hardcorefitnessbootcamp.com\/bitburg-de\/wp-json\/wp\/v2\/pages\/19290"}],"collection":[{"href":"https:\/\/hardcorefitnessbootcamp.com\/bitburg-de\/wp-json\/wp\/v2\/pages"}],"about":[{"href":"https:\/\/hardcorefitnessbootcamp.com\/bitburg-de\/wp-json\/wp\/v2\/types\/page"}],"author":[{"embeddable":true,"href":"https:\/\/hardcorefitnessbootcamp.com\/bitburg-de\/wp-json\/wp\/v2\/users\/70"}],"replies":[{"embeddable":true,"href":"https:\/\/hardcorefitnessbootcamp.com\/bitburg-de\/wp-json\/wp\/v2\/comments?post=19290"}],"version-history":[{"count":8,"href":"https:\/\/hardcorefitnessbootcamp.com\/bitburg-de\/wp-json\/wp\/v2\/pages\/19290\/revisions"}],"predecessor-version":[{"id":19491,"href":"https:\/\/hardcorefitnessbootcamp.com\/bitburg-de\/wp-json\/wp\/v2\/pages\/19290\/revisions\/19491"}],"wp:attachment":[{"href":"https:\/\/hardcorefitnessbootcamp.com\/bitburg-de\/wp-json\/wp\/v2\/media?parent=19290"}],"curies":[{"name":"wp","href":"https:\/\/api.w.org\/{rel}","templated":true}]}}