{"id":19313,"date":"2022-08-21T17:03:45","date_gmt":"2022-08-21T15:03:45","guid":{"rendered":"https:\/\/hardcorefitnessbootcamp.com\/bitburg-de\/?page_id=19313"},"modified":"2022-08-29T10:44:11","modified_gmt":"2022-08-29T08:44:11","slug":"kundenspezifisches-equipment-hardcore-fitness-bitburg","status":"publish","type":"page","link":"https:\/\/hardcorefitnessbootcamp.com\/bitburg-de\/kundenspezifisches-equipment-hardcore-fitness-bitburg\/","title":{"rendered":"kundenspezifisches Equipment"},"content":{"rendered":"\t\t<div data-elementor-type=\"wp-page\" data-elementor-id=\"19313\" class=\"elementor elementor-19313\" data-elementor-post-type=\"page\">\n\t\t\t\t\t\t<section class=\"elementor-section elementor-top-section elementor-element elementor-element-7d93a7eb elementor-section-boxed elementor-section-height-default elementor-section-height-default\" data-id=\"7d93a7eb\" data-element_type=\"section\" data-e-type=\"section\">\n\t\t\t\t\t\t<div class=\"elementor-container elementor-column-gap-default\">\n\t\t\t\t\t<div class=\"elementor-column elementor-col-50 elementor-top-column elementor-element elementor-element-a5745cd\" data-id=\"a5745cd\" data-element_type=\"column\" data-e-type=\"column\">\n\t\t\t<div class=\"elementor-widget-wrap elementor-element-populated\">\n\t\t\t\t\t\t<div class=\"elementor-element elementor-element-2b0a0431 elementor-widget elementor-widget-heading\" data-id=\"2b0a0431\" data-element_type=\"widget\" data-e-type=\"widget\" data-widget_type=\"heading.default\">\n\t\t\t\t<div class=\"elementor-widget-container\">\n\t\t\t\t\t<h1 class=\"elementor-heading-title elementor-size-default\">kunden-spezifisches<br>equipment<\/h1>\t\t\t\t<\/div>\n\t\t\t\t<\/div>\n\t\t\t\t\t<\/div>\n\t\t<\/div>\n\t\t\t\t<div class=\"elementor-column elementor-col-50 elementor-top-column elementor-element elementor-element-30cf9785\" data-id=\"30cf9785\" data-element_type=\"column\" data-e-type=\"column\">\n\t\t\t<div class=\"elementor-widget-wrap elementor-element-populated\">\n\t\t\t\t\t\t<div class=\"elementor-element elementor-element-2fde59d8 elementor-widget elementor-widget-video\" data-id=\"2fde59d8\" data-element_type=\"widget\" data-e-type=\"widget\" data-settings=\"{&quot;youtube_url&quot;:&quot;https:\\\/\\\/youtu.be\\\/yLDLdz4J7EQ&quot;,&quot;start&quot;:20,&quot;end&quot;:48,&quot;autoplay&quot;:&quot;yes&quot;,&quot;play_on_mobile&quot;:&quot;yes&quot;,&quot;mute&quot;:&quot;yes&quot;,&quot;loop&quot;:&quot;yes&quot;,&quot;video_type&quot;:&quot;youtube&quot;}\" data-widget_type=\"video.default\">\n\t\t\t\t<div class=\"elementor-widget-container\">\n\t\t\t\t\t\t\t<div class=\"elementor-wrapper elementor-open-inline\">\n\t\t\t<div class=\"elementor-video\"><\/div>\t\t<\/div>\n\t\t\t\t\t\t<\/div>\n\t\t\t\t<\/div>\n\t\t\t\t\t<\/div>\n\t\t<\/div>\n\t\t\t\t\t<\/div>\n\t\t<\/section>\n\t\t\t\t<section class=\"elementor-section elementor-top-section elementor-element elementor-element-2085f263 elementor-section-height-min-height elementor-section-boxed elementor-section-height-default elementor-section-items-middle\" data-id=\"2085f263\" data-element_type=\"section\" data-e-type=\"section\" data-settings=\"{&quot;background_background&quot;:&quot;classic&quot;}\">\n\t\t\t\t\t\t<div class=\"elementor-container elementor-column-gap-default\">\n\t\t\t\t\t<div class=\"elementor-column elementor-col-100 elementor-top-column elementor-element elementor-element-7f970ed5\" data-id=\"7f970ed5\" data-element_type=\"column\" data-e-type=\"column\">\n\t\t\t<div class=\"elementor-widget-wrap elementor-element-populated\">\n\t\t\t\t\t\t<div class=\"elementor-element elementor-element-65c2729e elementor-headline--style-rotate elementor-widget elementor-widget-animated-headline\" data-id=\"65c2729e\" data-element_type=\"widget\" data-e-type=\"widget\" data-settings=\"{&quot;headline_style&quot;:&quot;rotate&quot;,&quot;animation_type&quot;:&quot;drop-in&quot;,&quot;rotating_text&quot;:&quot;Vielfalt\\nZiele\\nErgebnisse\\n&quot;,&quot;loop&quot;:&quot;yes&quot;,&quot;rotate_iteration_delay&quot;:2500}\" data-widget_type=\"animated-headline.default\">\n\t\t\t\t<div class=\"elementor-widget-container\">\n\t\t\t\t\t\t\t<h3 class=\"elementor-headline elementor-headline-animation-type-drop-in\">\n\t\t\t\t\t<span class=\"elementor-headline-plain-text elementor-headline-text-wrapper\">Unsere kunden-spezifische Ausr\u00fcstung ist perfekt f\u00fcr <br><\/span>\n\t\t\t\t<span class=\"elementor-headline-dynamic-wrapper elementor-headline-text-wrapper\">\n\t\t\t\t\t<span class=\"elementor-headline-dynamic-text elementor-headline-text-active\">\n\t\t\t\tVielfalt\t\t\t<\/span>\n\t\t\t\t\t<span class=\"elementor-headline-dynamic-text\">\n\t\t\t\tZiele\t\t\t<\/span>\n\t\t\t\t\t<span class=\"elementor-headline-dynamic-text\">\n\t\t\t\tErgebnisse\t\t\t<\/span>\n\t\t\t\t\t<span class=\"elementor-headline-dynamic-text\">\n\t\t\t\t\t\t\t<\/span>\n\t\t\t\t\t\t<\/span>\n\t\t\t\t<\/h3>\n\t\t\t\t\t\t<\/div>\n\t\t\t\t<\/div>\n\t\t\t\t<div class=\"elementor-element elementor-element-7ad4b315 elementor-widget elementor-widget-text-editor\" data-id=\"7ad4b315\" data-element_type=\"widget\" data-e-type=\"widget\" data-widget_type=\"text-editor.default\">\n\t\t\t\t<div class=\"elementor-widget-container\">\n\t\t\t\t\t\t\t\t\t<p>Unsere Gr\u00fcnder haben einen Hintergrund als professionelle Fitness-Wettk\u00e4mpfer und haben Hunderte von Menschen auf ihrem eigenen Weg gecoacht, um in der besten Form ihres Lebens auf die B\u00fchne zu kommen. Dieser Hintergrund, Fitness als eine Kunstform der K\u00f6rperformung zu betrachten, lie\u00df sie die Notwendigkeit erkennen, dass bestimmte Ger\u00e4te beim Training von Kunden verwendet werden m\u00fcssen, um das gew\u00fcnschte Ergebnis zu erzielen und bestm\u00f6glich auszusehen. Als sie mit dem Hindernis konfrontiert wurden, dass Gruppenfitness es unm\u00f6glich machte, diese Ger\u00e4te anzubieten, gingen sie los und bauten es selbst! Sie haben jahrelang mehrere Mehrzweckger\u00e4te entworfen und entwickelt, die es ihnen erm\u00f6glichen w\u00fcrden, diese K\u00f6rperformungs\u00fcbungen in einer Gruppenumgebung auf eine Weise anzubieten, wie es sonst niemand k\u00f6nnte! Dies erm\u00f6glicht unseren Kunden, die Body-Toning-Ergebnisse zu erzielen, die sie von einem Top-Level-Coach-Training in einer spezialisierten Einrichtung im Einzelunterricht erwarten k\u00f6nnen, aber zu einem Bruchteil der Kosten und in einer unterhaltsamen, motivierenden Gruppenumgebung! Unsere kundenspezifische Ausr\u00fcstung erm\u00f6glicht es uns, \u00fcberlegene Trainingseinheiten, bessere Ergebnisse und mehr Variationen anzubieten und die Trainingseinheiten frisch zu halten, und das alles in einer unterhaltsamen, kosteng\u00fcnstigen Gruppenfitnessumgebung!<\/p>\t\t\t\t\t\t\t\t<\/div>\n\t\t\t\t<\/div>\n\t\t\t\t<div class=\"elementor-element elementor-element-53fce193 elementor-widget elementor-widget-spacer\" data-id=\"53fce193\" data-element_type=\"widget\" data-e-type=\"widget\" data-widget_type=\"spacer.default\">\n\t\t\t\t<div class=\"elementor-widget-container\">\n\t\t\t\t\t\t\t<div class=\"elementor-spacer\">\n\t\t\t<div class=\"elementor-spacer-inner\"><\/div>\n\t\t<\/div>\n\t\t\t\t\t\t<\/div>\n\t\t\t\t<\/div>\n\t\t\t\t\t<\/div>\n\t\t<\/div>\n\t\t\t\t\t<\/div>\n\t\t<\/section>\n\t\t\t\t<section class=\"elementor-section elementor-top-section elementor-element elementor-element-6889b01b elementor-section-boxed elementor-section-height-default elementor-section-height-default\" data-id=\"6889b01b\" data-element_type=\"section\" data-e-type=\"section\">\n\t\t\t\t\t\t<div class=\"elementor-container elementor-column-gap-default\">\n\t\t\t\t\t<div class=\"elementor-column elementor-col-50 elementor-top-column elementor-element elementor-element-273f5d53\" data-id=\"273f5d53\" data-element_type=\"column\" data-e-type=\"column\">\n\t\t\t<div class=\"elementor-widget-wrap elementor-element-populated\">\n\t\t\t\t\t\t<div class=\"elementor-element elementor-element-8019c46 elementor-widget elementor-widget-spacer\" data-id=\"8019c46\" data-element_type=\"widget\" data-e-type=\"widget\" data-widget_type=\"spacer.default\">\n\t\t\t\t<div class=\"elementor-widget-container\">\n\t\t\t\t\t\t\t<div class=\"elementor-spacer\">\n\t\t\t<div class=\"elementor-spacer-inner\"><\/div>\n\t\t<\/div>\n\t\t\t\t\t\t<\/div>\n\t\t\t\t<\/div>\n\t\t\t\t<div class=\"elementor-element elementor-element-64df12c0 elementor-widget elementor-widget-icon-box\" data-id=\"64df12c0\" data-element_type=\"widget\" data-e-type=\"widget\" data-widget_type=\"icon-box.default\">\n\t\t\t\t<div class=\"elementor-widget-container\">\n\t\t\t\t\t\t\t<div class=\"elementor-icon-box-wrapper\">\n\n\t\t\t\n\t\t\t\t\t\t<div class=\"elementor-icon-box-content\">\n\n\t\t\t\t\t\t\t\t\t<h3 class=\"elementor-icon-box-title\">\n\t\t\t\t\t\t<span  >\n\t\t\t\t\t\t\tFunktionelle Kabelschmiede-maschine\t\t\t\t\t\t<\/span>\n\t\t\t\t\t<\/h3>\n\t\t\t\t\n\t\t\t\t\n\t\t\t<\/div>\n\t\t\t\n\t\t<\/div>\n\t\t\t\t\t\t<\/div>\n\t\t\t\t<\/div>\n\t\t\t\t<div class=\"elementor-element elementor-element-2d0234c7 elementor-align-center elementor-widget elementor-widget-button\" data-id=\"2d0234c7\" data-element_type=\"widget\" data-e-type=\"widget\" data-widget_type=\"button.default\">\n\t\t\t\t<div class=\"elementor-widget-container\">\n\t\t\t\t\t\t\t\t\t<div class=\"elementor-button-wrapper\">\n\t\t\t\t\t<a class=\"elementor-button elementor-button-link elementor-size-sm\" href=\"https:\/\/hardcorefitnessbootcamp.com\/bitburg-de\/funktionelle-kabelmaschine-fitnessstudio-bitburg\/\">\n\t\t\t\t\t\t<span class=\"elementor-button-content-wrapper\">\n\t\t\t\t\t\t\t\t\t<span class=\"elementor-button-text\">Mehr erfahren<\/span>\n\t\t\t\t\t<\/span>\n\t\t\t\t\t<\/a>\n\t\t\t\t<\/div>\n\t\t\t\t\t\t\t\t<\/div>\n\t\t\t\t<\/div>\n\t\t\t\t\t<\/div>\n\t\t<\/div>\n\t\t\t\t<div class=\"elementor-column elementor-col-50 elementor-top-column elementor-element elementor-element-7839527d\" data-id=\"7839527d\" data-element_type=\"column\" data-e-type=\"column\">\n\t\t\t<div class=\"elementor-widget-wrap elementor-element-populated\">\n\t\t\t\t\t\t<div class=\"elementor-element elementor-element-1eedefe6 elementor-widget elementor-widget-spacer\" data-id=\"1eedefe6\" data-element_type=\"widget\" data-e-type=\"widget\" data-widget_type=\"spacer.default\">\n\t\t\t\t<div class=\"elementor-widget-container\">\n\t\t\t\t\t\t\t<div class=\"elementor-spacer\">\n\t\t\t<div class=\"elementor-spacer-inner\"><\/div>\n\t\t<\/div>\n\t\t\t\t\t\t<\/div>\n\t\t\t\t<\/div>\n\t\t\t\t<div class=\"elementor-element elementor-element-53f126d2 elementor-widget elementor-widget-icon-box\" data-id=\"53f126d2\" data-element_type=\"widget\" data-e-type=\"widget\" data-widget_type=\"icon-box.default\">\n\t\t\t\t<div class=\"elementor-widget-container\">\n\t\t\t\t\t\t\t<div class=\"elementor-icon-box-wrapper\">\n\n\t\t\t\n\t\t\t\t\t\t<div class=\"elementor-icon-box-content\">\n\n\t\t\t\t\t\t\t\t\t<h3 class=\"elementor-icon-box-title\">\n\t\t\t\t\t\t<span  >\n\t\t\t\t\t\t\tGlute\/Hamstring (GHD) <br>+ T-Bar\t\t\t\t\t\t<\/span>\n\t\t\t\t\t<\/h3>\n\t\t\t\t\n\t\t\t\t\n\t\t\t<\/div>\n\t\t\t\n\t\t<\/div>\n\t\t\t\t\t\t<\/div>\n\t\t\t\t<\/div>\n\t\t\t\t<div class=\"elementor-element elementor-element-15765649 elementor-align-center elementor-widget elementor-widget-button\" data-id=\"15765649\" data-element_type=\"widget\" data-e-type=\"widget\" data-widget_type=\"button.default\">\n\t\t\t\t<div class=\"elementor-widget-container\">\n\t\t\t\t\t\t\t\t\t<div class=\"elementor-button-wrapper\">\n\t\t\t\t\t<a class=\"elementor-button elementor-button-link elementor-size-sm\" href=\"https:\/\/hardcorefitnessbootcamp.com\/hcf-custom-equipment\/hcf-ghd\/\">\n\t\t\t\t\t\t<span class=\"elementor-button-content-wrapper\">\n\t\t\t\t\t\t\t\t\t<span class=\"elementor-button-text\">Mehr erfahren<\/span>\n\t\t\t\t\t<\/span>\n\t\t\t\t\t<\/a>\n\t\t\t\t<\/div>\n\t\t\t\t\t\t\t\t<\/div>\n\t\t\t\t<\/div>\n\t\t\t\t<div class=\"elementor-element elementor-element-5a8f5bc5 elementor-widget elementor-widget-spacer\" data-id=\"5a8f5bc5\" data-element_type=\"widget\" data-e-type=\"widget\" data-widget_type=\"spacer.default\">\n\t\t\t\t<div class=\"elementor-widget-container\">\n\t\t\t\t\t\t\t<div class=\"elementor-spacer\">\n\t\t\t<div class=\"elementor-spacer-inner\"><\/div>\n\t\t<\/div>\n\t\t\t\t\t\t<\/div>\n\t\t\t\t<\/div>\n\t\t\t\t\t<\/div>\n\t\t<\/div>\n\t\t\t\t\t<\/div>\n\t\t<\/section>\n\t\t\t\t<section class=\"elementor-section elementor-top-section elementor-element elementor-element-4cace93 elementor-section-height-min-height elementor-section-boxed elementor-section-height-default elementor-section-items-middle\" data-id=\"4cace93\" data-element_type=\"section\" data-e-type=\"section\" data-settings=\"{&quot;background_background&quot;:&quot;classic&quot;}\">\n\t\t\t\t\t\t\t<div class=\"elementor-background-overlay\"><\/div>\n\t\t\t\t\t\t\t<div class=\"elementor-container elementor-column-gap-default\">\n\t\t\t\t\t<div class=\"elementor-column elementor-col-100 elementor-top-column elementor-element elementor-element-352d7eef\" data-id=\"352d7eef\" data-element_type=\"column\" data-e-type=\"column\" data-settings=\"{&quot;background_background&quot;:&quot;classic&quot;}\">\n\t\t\t<div class=\"elementor-widget-wrap elementor-element-populated\">\n\t\t\t\t\t\t<div class=\"elementor-element elementor-element-73a21692 elementor-widget elementor-widget-heading\" data-id=\"73a21692\" data-element_type=\"widget\" data-e-type=\"widget\" data-settings=\"{&quot;motion_fx_motion_fx_scrolling&quot;:&quot;yes&quot;,&quot;motion_fx_translateY_effect&quot;:&quot;yes&quot;,&quot;motion_fx_translateY_speed&quot;:{&quot;unit&quot;:&quot;px&quot;,&quot;size&quot;:&quot;0.5&quot;,&quot;sizes&quot;:[]},&quot;motion_fx_translateY_affectedRange&quot;:{&quot;unit&quot;:&quot;%&quot;,&quot;size&quot;:&quot;&quot;,&quot;sizes&quot;:{&quot;start&quot;:&quot;0&quot;,&quot;end&quot;:&quot;50&quot;}},&quot;motion_fx_translateY_direction&quot;:&quot;negative&quot;,&quot;motion_fx_devices&quot;:[&quot;desktop&quot;,&quot;tablet&quot;,&quot;mobile&quot;]}\" data-widget_type=\"heading.default\">\n\t\t\t\t<div class=\"elementor-widget-container\">\n\t\t\t\t\t<h4 class=\"elementor-heading-title elementor-size-default\">Won\u2019t Happen In One Day<\/h4>\t\t\t\t<\/div>\n\t\t\t\t<\/div>\n\t\t\t\t<div class=\"elementor-element elementor-element-595a75f2 elementor-widget elementor-widget-heading\" data-id=\"595a75f2\" data-element_type=\"widget\" data-e-type=\"widget\" data-settings=\"{&quot;motion_fx_motion_fx_scrolling&quot;:&quot;yes&quot;,&quot;motion_fx_opacity_effect&quot;:&quot;yes&quot;,&quot;motion_fx_opacity_range&quot;:{&quot;unit&quot;:&quot;%&quot;,&quot;size&quot;:&quot;&quot;,&quot;sizes&quot;:{&quot;start&quot;:&quot;0&quot;,&quot;end&quot;:&quot;50&quot;}},&quot;motion_fx_opacity_direction&quot;:&quot;out-in&quot;,&quot;motion_fx_opacity_level&quot;:{&quot;unit&quot;:&quot;px&quot;,&quot;size&quot;:10,&quot;sizes&quot;:[]},&quot;motion_fx_devices&quot;:[&quot;desktop&quot;,&quot;tablet&quot;,&quot;mobile&quot;]}\" data-widget_type=\"heading.default\">\n\t\t\t\t<div class=\"elementor-widget-container\">\n\t\t\t\t\t<h2 class=\"elementor-heading-title elementor-size-default\">don't give up without trying<\/h2>\t\t\t\t<\/div>\n\t\t\t\t<\/div>\n\t\t\t\t<div class=\"elementor-element elementor-element-2045298d elementor-align-center elementor-widget elementor-widget-button\" data-id=\"2045298d\" data-element_type=\"widget\" data-e-type=\"widget\" data-widget_type=\"button.default\">\n\t\t\t\t<div class=\"elementor-widget-container\">\n\t\t\t\t\t\t\t\t\t<div class=\"elementor-button-wrapper\">\n\t\t\t\t\t<a class=\"elementor-button elementor-button-link elementor-size-sm\" href=\"https:\/\/lm.hcfbc.com\/widget\/appointment\/bitburg\/tour\">\n\t\t\t\t\t\t<span class=\"elementor-button-content-wrapper\">\n\t\t\t\t\t\t\t\t\t<span class=\"elementor-button-text\">Kennenlerngespr\u00e4ch vereinbaren<\/span>\n\t\t\t\t\t<\/span>\n\t\t\t\t\t<\/a>\n\t\t\t\t<\/div>\n\t\t\t\t\t\t\t\t<\/div>\n\t\t\t\t<\/div>\n\t\t\t\t\t<\/div>\n\t\t<\/div>\n\t\t\t\t\t<\/div>\n\t\t<\/section>\n\t\t\t\t<\/div>\n\t\t","protected":false},"excerpt":{"rendered":"<p>kunden-spezifischesequipment Unsere kunden-spezifische Ausr\u00fcstung ist perfekt f\u00fcr Vielfalt Ziele Ergebnisse Unsere Gr\u00fcnder haben einen Hintergrund als professionelle Fitness-Wettk\u00e4mpfer und haben Hunderte von Menschen auf ihrem eigenen Weg gecoacht, um in der besten Form ihres Lebens auf die B\u00fchne zu kommen. Dieser Hintergrund, Fitness als eine Kunstform der K\u00f6rperformung zu betrachten, lie\u00df sie die Notwendigkeit erkennen, [&hellip;]<\/p>\n","protected":false},"author":70,"featured_media":0,"parent":0,"menu_order":0,"comment_status":"closed","ping_status":"closed","template":"","meta":{"_acf_changed":false,"footnotes":""},"class_list":["post-19313","page","type-page","status-publish","hentry"],"acf":[],"yoast_head":"<!-- This site is optimized with the Yoast SEO plugin v25.6 - https:\/\/yoast.com\/wordpress\/plugins\/seo\/ -->\n<title>kundenspezifisches Equipment - Hardcore Fitness Bitburg<\/title>\n<meta name=\"description\" content=\"Personal Coaching in der Gruppe durch kundenspezifisches Equipment. Hol dir die Mitgliedschaft bei Hardcore Fitness und erreiche deine Ziele.\" \/>\n<meta name=\"robots\" content=\"index, follow, max-snippet:-1, max-image-preview:large, max-video-preview:-1\" \/>\n<link rel=\"canonical\" href=\"https:\/\/hardcorefitnessbootcamp.com\/hcf-custom-equipment\/\" \/>\n<meta property=\"og:locale\" content=\"de_DE\" \/>\n<meta property=\"og:type\" content=\"article\" \/>\n<meta property=\"og:title\" content=\"kundenspezifisches Equipment - Hardcore Fitness Bitburg\" \/>\n<meta property=\"og:description\" content=\"Personal Coaching in der Gruppe durch kundenspezifisches Equipment. Hol dir die Mitgliedschaft bei Hardcore Fitness und erreiche deine Ziele.\" \/>\n<meta property=\"og:url\" content=\"https:\/\/hardcorefitnessbootcamp.com\/hcf-custom-equipment\/\" \/>\n<meta property=\"og:site_name\" content=\"Hardcore Fitness Bitburg\" \/>\n<meta property=\"article:publisher\" content=\"https:\/\/www.facebook.com\/hardcorefitnessbitburg\" \/>\n<meta property=\"article:modified_time\" content=\"2022-08-29T08:44:11+00:00\" \/>\n<meta name=\"twitter:card\" content=\"summary_large_image\" \/>\n<meta name=\"twitter:label1\" content=\"Gesch\u00e4tzte Lesezeit\" \/>\n\t<meta name=\"twitter:data1\" content=\"2\u00a0Minuten\" \/>\n<script type=\"application\/ld+json\" class=\"yoast-schema-graph\">{\"@context\":\"https:\/\/schema.org\",\"@graph\":[{\"@type\":\"WebPage\",\"@id\":\"https:\/\/hardcorefitnessbootcamp.com\/bitburg-de\/kundenspezifisches-equipment-hardcore-fitness-bitburg\/\",\"url\":\"https:\/\/hardcorefitnessbootcamp.com\/hcf-custom-equipment\/\",\"name\":\"kundenspezifisches Equipment - Hardcore Fitness Bitburg\",\"isPartOf\":{\"@id\":\"https:\/\/hardcorefitnessbootcamp.com\/bitburg-de\/#website\"},\"datePublished\":\"2022-08-21T15:03:45+00:00\",\"dateModified\":\"2022-08-29T08:44:11+00:00\",\"description\":\"Personal Coaching in der Gruppe durch kundenspezifisches Equipment. Hol dir die Mitgliedschaft bei Hardcore Fitness und erreiche deine Ziele.\",\"breadcrumb\":{\"@id\":\"https:\/\/hardcorefitnessbootcamp.com\/hcf-custom-equipment\/#breadcrumb\"},\"inLanguage\":\"de\",\"potentialAction\":[{\"@type\":\"ReadAction\",\"target\":[\"https:\/\/hardcorefitnessbootcamp.com\/hcf-custom-equipment\/\"]}]},{\"@type\":\"BreadcrumbList\",\"@id\":\"https:\/\/hardcorefitnessbootcamp.com\/hcf-custom-equipment\/#breadcrumb\",\"itemListElement\":[{\"@type\":\"ListItem\",\"position\":1,\"name\":\"Home\",\"item\":\"https:\/\/hardcorefitnessbootcamp.com\/bitburg-de\/\"},{\"@type\":\"ListItem\",\"position\":2,\"name\":\"kundenspezifisches Equipment\"}]},{\"@type\":\"WebSite\",\"@id\":\"https:\/\/hardcorefitnessbootcamp.com\/bitburg-de\/#website\",\"url\":\"https:\/\/hardcorefitnessbootcamp.com\/bitburg-de\/\",\"name\":\"Hardcore Fitness Bitburg\",\"description\":\"Dein Personal Training in Bitburg\",\"publisher\":{\"@id\":\"https:\/\/hardcorefitnessbootcamp.com\/bitburg-de\/#organization\"},\"potentialAction\":[{\"@type\":\"SearchAction\",\"target\":{\"@type\":\"EntryPoint\",\"urlTemplate\":\"https:\/\/hardcorefitnessbootcamp.com\/bitburg-de\/?s={search_term_string}\"},\"query-input\":{\"@type\":\"PropertyValueSpecification\",\"valueRequired\":true,\"valueName\":\"search_term_string\"}}],\"inLanguage\":\"de\"},{\"@type\":\"Organization\",\"@id\":\"https:\/\/hardcorefitnessbootcamp.com\/bitburg-de\/#organization\",\"name\":\"Hardcore Fitness Bitburg\",\"url\":\"https:\/\/hardcorefitnessbootcamp.com\/bitburg-de\/\",\"logo\":{\"@type\":\"ImageObject\",\"inLanguage\":\"de\",\"@id\":\"https:\/\/hardcorefitnessbootcamp.com\/bitburg-de\/#\/schema\/logo\/image\/\",\"url\":\"https:\/\/hardcorefitnessbootcamp.com\/bitburg-de\/wp-content\/uploads\/sites\/67\/2020\/11\/HCF-Logo-Red.jpeg\",\"contentUrl\":\"https:\/\/hardcorefitnessbootcamp.com\/bitburg-de\/wp-content\/uploads\/sites\/67\/2020\/11\/HCF-Logo-Red.jpeg\",\"width\":864,\"height\":535,\"caption\":\"Hardcore Fitness Bitburg\"},\"image\":{\"@id\":\"https:\/\/hardcorefitnessbootcamp.com\/bitburg-de\/#\/schema\/logo\/image\/\"},\"sameAs\":[\"https:\/\/www.facebook.com\/hardcorefitnessbitburg\",\"https:\/\/www.instagram.com\/hardcorefitnessbitburg\/\"]}]}<\/script>\n<!-- \/ Yoast SEO plugin. -->","yoast_head_json":{"title":"kundenspezifisches Equipment - Hardcore Fitness Bitburg","description":"Personal Coaching in der Gruppe durch kundenspezifisches Equipment. Hol dir die Mitgliedschaft bei Hardcore Fitness und erreiche deine Ziele.","robots":{"index":"index","follow":"follow","max-snippet":"max-snippet:-1","max-image-preview":"max-image-preview:large","max-video-preview":"max-video-preview:-1"},"canonical":"https:\/\/hardcorefitnessbootcamp.com\/hcf-custom-equipment\/","og_locale":"de_DE","og_type":"article","og_title":"kundenspezifisches Equipment - Hardcore Fitness Bitburg","og_description":"Personal Coaching in der Gruppe durch kundenspezifisches Equipment. Hol dir die Mitgliedschaft bei Hardcore Fitness und erreiche deine Ziele.","og_url":"https:\/\/hardcorefitnessbootcamp.com\/hcf-custom-equipment\/","og_site_name":"Hardcore Fitness Bitburg","article_publisher":"https:\/\/www.facebook.com\/hardcorefitnessbitburg","article_modified_time":"2022-08-29T08:44:11+00:00","twitter_card":"summary_large_image","twitter_misc":{"Gesch\u00e4tzte Lesezeit":"2\u00a0Minuten"},"schema":{"@context":"https:\/\/schema.org","@graph":[{"@type":"WebPage","@id":"https:\/\/hardcorefitnessbootcamp.com\/bitburg-de\/kundenspezifisches-equipment-hardcore-fitness-bitburg\/","url":"https:\/\/hardcorefitnessbootcamp.com\/hcf-custom-equipment\/","name":"kundenspezifisches Equipment - Hardcore Fitness Bitburg","isPartOf":{"@id":"https:\/\/hardcorefitnessbootcamp.com\/bitburg-de\/#website"},"datePublished":"2022-08-21T15:03:45+00:00","dateModified":"2022-08-29T08:44:11+00:00","description":"Personal Coaching in der Gruppe durch kundenspezifisches Equipment. Hol dir die Mitgliedschaft bei Hardcore Fitness und erreiche deine Ziele.","breadcrumb":{"@id":"https:\/\/hardcorefitnessbootcamp.com\/hcf-custom-equipment\/#breadcrumb"},"inLanguage":"de","potentialAction":[{"@type":"ReadAction","target":["https:\/\/hardcorefitnessbootcamp.com\/hcf-custom-equipment\/"]}]},{"@type":"BreadcrumbList","@id":"https:\/\/hardcorefitnessbootcamp.com\/hcf-custom-equipment\/#breadcrumb","itemListElement":[{"@type":"ListItem","position":1,"name":"Home","item":"https:\/\/hardcorefitnessbootcamp.com\/bitburg-de\/"},{"@type":"ListItem","position":2,"name":"kundenspezifisches Equipment"}]},{"@type":"WebSite","@id":"https:\/\/hardcorefitnessbootcamp.com\/bitburg-de\/#website","url":"https:\/\/hardcorefitnessbootcamp.com\/bitburg-de\/","name":"Hardcore Fitness Bitburg","description":"Dein Personal Training in Bitburg","publisher":{"@id":"https:\/\/hardcorefitnessbootcamp.com\/bitburg-de\/#organization"},"potentialAction":[{"@type":"SearchAction","target":{"@type":"EntryPoint","urlTemplate":"https:\/\/hardcorefitnessbootcamp.com\/bitburg-de\/?s={search_term_string}"},"query-input":{"@type":"PropertyValueSpecification","valueRequired":true,"valueName":"search_term_string"}}],"inLanguage":"de"},{"@type":"Organization","@id":"https:\/\/hardcorefitnessbootcamp.com\/bitburg-de\/#organization","name":"Hardcore Fitness Bitburg","url":"https:\/\/hardcorefitnessbootcamp.com\/bitburg-de\/","logo":{"@type":"ImageObject","inLanguage":"de","@id":"https:\/\/hardcorefitnessbootcamp.com\/bitburg-de\/#\/schema\/logo\/image\/","url":"https:\/\/hardcorefitnessbootcamp.com\/bitburg-de\/wp-content\/uploads\/sites\/67\/2020\/11\/HCF-Logo-Red.jpeg","contentUrl":"https:\/\/hardcorefitnessbootcamp.com\/bitburg-de\/wp-content\/uploads\/sites\/67\/2020\/11\/HCF-Logo-Red.jpeg","width":864,"height":535,"caption":"Hardcore Fitness Bitburg"},"image":{"@id":"https:\/\/hardcorefitnessbootcamp.com\/bitburg-de\/#\/schema\/logo\/image\/"},"sameAs":["https:\/\/www.facebook.com\/hardcorefitnessbitburg","https:\/\/www.instagram.com\/hardcorefitnessbitburg\/"]}]}},"_links":{"self":[{"href":"https:\/\/hardcorefitnessbootcamp.com\/bitburg-de\/wp-json\/wp\/v2\/pages\/19313"}],"collection":[{"href":"https:\/\/hardcorefitnessbootcamp.com\/bitburg-de\/wp-json\/wp\/v2\/pages"}],"about":[{"href":"https:\/\/hardcorefitnessbootcamp.com\/bitburg-de\/wp-json\/wp\/v2\/types\/page"}],"author":[{"embeddable":true,"href":"https:\/\/hardcorefitnessbootcamp.com\/bitburg-de\/wp-json\/wp\/v2\/users\/70"}],"replies":[{"embeddable":true,"href":"https:\/\/hardcorefitnessbootcamp.com\/bitburg-de\/wp-json\/wp\/v2\/comments?post=19313"}],"version-history":[{"count":31,"href":"https:\/\/hardcorefitnessbootcamp.com\/bitburg-de\/wp-json\/wp\/v2\/pages\/19313\/revisions"}],"predecessor-version":[{"id":19450,"href":"https:\/\/hardcorefitnessbootcamp.com\/bitburg-de\/wp-json\/wp\/v2\/pages\/19313\/revisions\/19450"}],"wp:attachment":[{"href":"https:\/\/hardcorefitnessbootcamp.com\/bitburg-de\/wp-json\/wp\/v2\/media?parent=19313"}],"curies":[{"name":"wp","href":"https:\/\/api.w.org\/{rel}","templated":true}]}}